{"id":4709,"date":"2021-04-29T13:02:06","date_gmt":"2021-04-29T13:02:06","guid":{"rendered":"https:\/\/elc.ba\/?page_id=4709"},"modified":"2021-05-11T13:59:03","modified_gmt":"2021-05-11T13:59:03","slug":"blog","status":"publish","type":"page","link":"https:\/\/elc.ba\/bs\/blog\/","title":{"rendered":"Blog"},"content":{"rendered":"<div class=\"vc_row wpb_row vc_row-fluid\"><div class=\"no_container\"><div class=\"wpb_column vc_column_container vc_col-sm-12\"><div class=\"wpb_wrapper\">\r\n        <header class=\"tz-header  tz-header-type-3\">\r\n                                    \r\n            <div class=\"tz-headerBottom\">\r\n\r\n                                <div class=\"container\">\r\n                    \r\n                                                                                <a class=\"pull-left tz_logo\" href=\"https:\/\/elc.ba\/bs\"\r\n                                   title=\"El Company d.o.o\"  >\r\n                                    <img decoding=\"async\" class=\"logo_lager\" width =\"250\" height =\"90\" src=\"https:\/\/elc.ba\/wp-content\/uploads\/2021\/05\/elc.png\" alt=\"El Company d.o.o\" \/>                                <\/a>\r\n                                                        \r\n                            \r\n                                                                                            <div class=\"tz-header-search pull-right\">\r\n                                    <span aria-hidden='true' class='icon_search tz_icon_search'><\/span>\r\n                                    <span aria-hidden='true' class='icon_close tz_icon_close'><\/span>\r\n                                    <div class=\"tz-header-search-form\">\r\n                                            <form method=\"get\" class=\"searchform\" action=\"https:\/\/elc.ba\/bs\/\" data-trp-original-action=\"https:\/\/elc.ba\/bs\/\">\n        <label class=\"icon-search\">&nbsp;<\/label>\n        <label class=\"assistive-text assistive-tzsearch\">Search<\/label>\n        <input type=\"text\" class=\"field Tzsearchform inputbox search-query\" name=\"s\" placeholder=\"Search...\" \/>\n        <input type=\"submit\" class=\"submit searchsubmit\" name=\"submit\" value=\"Search\" \/>\n        <span aria-hidden='true' class='icon_search'><\/span>\n    <input type=\"hidden\" name=\"trp-form-language\" value=\"bs\"\/><\/form>\n                                    <\/div>\r\n                                <\/div>\r\n                                                                                    <button type=\"button\" class=\"navbar-toggle collapsed\" data-toggle=\"collapse\"\r\n                                    data-target=\"#tz-navbar-collapse\">\r\n                                <i class=\"fa fa-bars\"><\/i>\r\n                            <\/button>\r\n                            <nav class=\"pull-right\">\r\n                                <ul id=\"tz-navbar-collapse\" class=\"nav navbar-nav collapse navbar-collapse pull-left tz-nav\"><li id=\"menu-item-4567\" class=\"menu-item menu-item-type-post_type menu-item-object-page menu-item-home menu-item-4567\"><a href=\"https:\/\/elc.ba\/bs\/\">Po\u010detna<\/a><\/li>\n<li id=\"menu-item-10678\" class=\"menu-item menu-item-type-post_type menu-item-object-page menu-item-10678\"><a href=\"https:\/\/elc.ba\/bs\/products\/\">Proizvodi<\/a><\/li>\n<li id=\"menu-item-4910\" class=\"menu-item menu-item-type-post_type menu-item-object-page menu-item-4910\"><a href=\"https:\/\/elc.ba\/bs\/services\/\">Usluge<\/a><\/li>\n<li id=\"menu-item-4772\" class=\"menu-item menu-item-type-post_type menu-item-object-page menu-item-4772\"><a href=\"https:\/\/elc.ba\/bs\/job-openings\/\">Poslovi<\/a><\/li>\n<li id=\"menu-item-4732\" class=\"menu-item menu-item-type-post_type menu-item-object-page menu-item-4732\"><a href=\"https:\/\/elc.ba\/bs\/blog\/\">Blog<\/a><\/li>\n<li id=\"menu-item-4743\" class=\"menu-item menu-item-type-post_type menu-item-object-page menu-item-4743\"><a href=\"https:\/\/elc.ba\/bs\/gallery\/\">Galerija<\/a><\/li>\n<li id=\"menu-item-4627\" class=\"menu-item menu-item-type-post_type menu-item-object-page menu-item-4627\"><a href=\"https:\/\/elc.ba\/bs\/about-us\/\">O nama<\/a><\/li>\n<li id=\"menu-item-4571\" class=\"menu-item menu-item-type-post_type menu-item-object-page menu-item-4571\"><a href=\"https:\/\/elc.ba\/bs\/contact\/\">Kontakt<\/a><\/li>\n<\/ul>                            <\/nav>\r\n                            \r\n                                                                <\/div><!--end class container-->\r\n            \r\n                                \r\n            <\/div>\r\n\r\n            \r\n        <\/header>\r\n        \r\n        \r\n    <\/div><\/div><\/div><\/div><div class=\"vc_row wpb_row vc_row-fluid vc_custom_1619701088550 vc_row-has-fill\"><div class=\"no_container\"><div class=\"wpb_column vc_column_container vc_col-sm-12\"><div class=\"wpb_wrapper\">\n\t<div class=\"wpb_text_column wpb_content_element  vc_custom_1620048892889\" >\n\t\t<div class=\"wpb_wrapper\">\n\t\t\t<h1 style=\"text-align: center; color: white;\">Blog<\/h1>\n\n\t\t<\/div>\n\t<\/div>\n<\/div><\/div><\/div><\/div><div class=\"vc_row wpb_row vc_row-fluid vc_row-o-equal-height vc_row-o-content-middle vc_row-flex\"><div class=\"no_container\"><div class=\"wpb_column vc_column_container vc_col-sm-12\"><div class=\"wpb_wrapper tzTextAlign_center\">    <div class=\"tzElement-recent-post tzRecent-post-type-5 tz_align_left  vc_custom_1620741523231\">\r\n\r\n                                    <div class=\"row\">\r\n                            <div class=\"col-md-4\">\r\n                <div class=\"tz-recent-inner tz_animatable tz-recent-inner-1\">\r\n                                            <img loading=\"lazy\" decoding=\"async\" width=\"1024\" height=\"683\" src=\"https:\/\/elc.ba\/wp-content\/uploads\/2021\/05\/lumber-84678_1920-1024x683.jpg\" class=\"attachment-large size-large wp-post-image\" alt=\"\" srcset=\"https:\/\/elc.ba\/wp-content\/uploads\/2021\/05\/lumber-84678_1920-1024x683.jpg 1024w, https:\/\/elc.ba\/wp-content\/uploads\/2021\/05\/lumber-84678_1920-300x200.jpg 300w, https:\/\/elc.ba\/wp-content\/uploads\/2021\/05\/lumber-84678_1920-768x512.jpg 768w, https:\/\/elc.ba\/wp-content\/uploads\/2021\/05\/lumber-84678_1920-1536x1024.jpg 1536w, https:\/\/elc.ba\/wp-content\/uploads\/2021\/05\/lumber-84678_1920-16x12.jpg 16w, https:\/\/elc.ba\/wp-content\/uploads\/2021\/05\/lumber-84678_1920.jpg 1920w\" sizes=\"auto, (max-width: 1024px) 100vw, 1024px\" \/>\r\n                                                                            <div class=\"tz_box_info\">\r\n                                                <h3 class=\"tz-recent-title\">\r\n                            <a href=\"https:\/\/elc.ba\/bs\/2025\/09\/10\/types-of-wood-used-for-making-furniture-2\/\">Vrste drveta koje se koriste za izradu namje\u0161taja<\/a>\r\n                        <\/h3>\r\n\r\n                                                                                                \r\n                            <div class=\"tz-recent-meta\">\r\n                                                                    <span>\r\n                                   10 Septembra, 2025                                <\/span>\r\n                                \r\n                                                                                                    <span>\r\n                                            339                                <\/span>\r\n                                                            <\/div>\r\n                                                            <p class=\"tz-recent-description\">\r\n                                    Iako se trendovi dizajna interijera \u010desto mijenjaju, namje\u0161taj od tvrdog drveta je bezvremenski. U usporedbi s ostalim materijalima, drveni namje\u0161taj je robustan, izdr\u017eljiv, <a class=\"tzreadmore simple-ajax-popup-align-top\" href=\"https:\/\/elc.ba\/bs\/blog\/\">Read More<\/a>                                <\/p>\r\n                                                                                                                    <\/div>\r\n                                                                                                                    <\/div>\r\n            <\/div>\r\n            \r\n                                    <div class=\"col-md-4\">\r\n                <div class=\"tz-recent-inner tz_animatable tz-recent-inner-2\">\r\n                                            <img loading=\"lazy\" decoding=\"async\" width=\"1024\" height=\"576\" src=\"https:\/\/elc.ba\/wp-content\/uploads\/2021\/05\/pexels-burst-374861-1024x576.jpg\" class=\"attachment-large size-large wp-post-image\" alt=\"\" srcset=\"https:\/\/elc.ba\/wp-content\/uploads\/2021\/05\/pexels-burst-374861-1024x576.jpg 1024w, https:\/\/elc.ba\/wp-content\/uploads\/2021\/05\/pexels-burst-374861-300x169.jpg 300w, https:\/\/elc.ba\/wp-content\/uploads\/2021\/05\/pexels-burst-374861-768x432.jpg 768w, https:\/\/elc.ba\/wp-content\/uploads\/2021\/05\/pexels-burst-374861-1536x864.jpg 1536w, https:\/\/elc.ba\/wp-content\/uploads\/2021\/05\/pexels-burst-374861-16x9.jpg 16w, https:\/\/elc.ba\/wp-content\/uploads\/2021\/05\/pexels-burst-374861.jpg 1920w\" sizes=\"auto, (max-width: 1024px) 100vw, 1024px\" \/>\r\n                                                                            <div class=\"tz_box_info\">\r\n                                                <h3 class=\"tz-recent-title\">\r\n                            <a href=\"https:\/\/elc.ba\/bs\/2025\/06\/12\/wood-processing-2\/\">Prerada drveta<\/a>\r\n                        <\/h3>\r\n\r\n                                                                                                \r\n                            <div class=\"tz-recent-meta\">\r\n                                                                    <span>\r\n                                   12 Juna, 2025                                <\/span>\r\n                                \r\n                                                                                                    <span>\r\n                                            27                                <\/span>\r\n                                                            <\/div>\r\n                                                            <p class=\"tz-recent-description\">\r\n                                    Pojedine vrste obrade drva su usmjerena na smanjenje drva za upotrebu u stvaranju raznih predmeta. Svrha <a class=\"tzreadmore simple-ajax-popup-align-top\" href=\"https:\/\/elc.ba\/bs\/blog\/\">Read More<\/a>                                <\/p>\r\n                                                                                                                    <\/div>\r\n                                                                                                                    <\/div>\r\n            <\/div>\r\n            \r\n                                    <div class=\"col-md-4\">\r\n                <div class=\"tz-recent-inner tz_animatable tz-recent-inner-3\">\r\n                                            <img loading=\"lazy\" decoding=\"async\" width=\"1024\" height=\"683\" src=\"https:\/\/elc.ba\/wp-content\/uploads\/2021\/05\/table-3077133_1920-1024x683.jpg\" class=\"attachment-large size-large wp-post-image\" alt=\"\" srcset=\"https:\/\/elc.ba\/wp-content\/uploads\/2021\/05\/table-3077133_1920-1024x683.jpg 1024w, https:\/\/elc.ba\/wp-content\/uploads\/2021\/05\/table-3077133_1920-300x200.jpg 300w, https:\/\/elc.ba\/wp-content\/uploads\/2021\/05\/table-3077133_1920-768x512.jpg 768w, https:\/\/elc.ba\/wp-content\/uploads\/2021\/05\/table-3077133_1920-1536x1024.jpg 1536w, https:\/\/elc.ba\/wp-content\/uploads\/2021\/05\/table-3077133_1920-16x12.jpg 16w, https:\/\/elc.ba\/wp-content\/uploads\/2021\/05\/table-3077133_1920.jpg 1920w\" sizes=\"auto, (max-width: 1024px) 100vw, 1024px\" \/>\r\n                                                                            <div class=\"tz_box_info\">\r\n                                                <h3 class=\"tz-recent-title\">\r\n                            <a href=\"https:\/\/elc.ba\/bs\/2024\/07\/24\/advantages-of-wooden-furniture\/\">Prednosti drvenog namje\u0161taja<\/a>\r\n                        <\/h3>\r\n\r\n                                                                                                \r\n                            <div class=\"tz-recent-meta\">\r\n                                                                    <span>\r\n                                   24 Jula, 2024                                <\/span>\r\n                                \r\n                                                                                                    <span>\r\n                                            20                                <\/span>\r\n                                                            <\/div>\r\n                                                            <p class=\"tz-recent-description\">\r\n                                    U ku\u0107i nema sobe u kojoj drveni namje\u0161taj ne dodaje toplinu, bogatstvo, udobnost i fino\u0107u. Prednosti <a class=\"tzreadmore simple-ajax-popup-align-top\" href=\"https:\/\/elc.ba\/bs\/blog\/\">Read More<\/a>                                <\/p>\r\n                                                                                                                    <\/div>\r\n                                                                                                                    <\/div>\r\n            <\/div>\r\n                            <\/div>\r\n                \r\n                                        <div class=\"row\">\r\n                            <div class=\"col-md-4\">\r\n                <div class=\"tz-recent-inner tz_animatable tz-recent-inner-4\">\r\n                                            <img loading=\"lazy\" decoding=\"async\" width=\"1024\" height=\"683\" src=\"https:\/\/elc.ba\/wp-content\/uploads\/2021\/05\/lumber-84678_1920-1024x683.jpg\" class=\"attachment-large size-large wp-post-image\" alt=\"\" srcset=\"https:\/\/elc.ba\/wp-content\/uploads\/2021\/05\/lumber-84678_1920-1024x683.jpg 1024w, https:\/\/elc.ba\/wp-content\/uploads\/2021\/05\/lumber-84678_1920-300x200.jpg 300w, https:\/\/elc.ba\/wp-content\/uploads\/2021\/05\/lumber-84678_1920-768x512.jpg 768w, https:\/\/elc.ba\/wp-content\/uploads\/2021\/05\/lumber-84678_1920-1536x1024.jpg 1536w, https:\/\/elc.ba\/wp-content\/uploads\/2021\/05\/lumber-84678_1920-16x12.jpg 16w, https:\/\/elc.ba\/wp-content\/uploads\/2021\/05\/lumber-84678_1920.jpg 1920w\" sizes=\"auto, (max-width: 1024px) 100vw, 1024px\" \/>\r\n                                                                            <div class=\"tz_box_info\">\r\n                                                <h3 class=\"tz-recent-title\">\r\n                            <a href=\"https:\/\/elc.ba\/bs\/2024\/01\/01\/production-and-consumption-of-wood\/\">Proizvodnja i potro\u0161nja drva<\/a>\r\n                        <\/h3>\r\n\r\n                                                                                                \r\n                            <div class=\"tz-recent-meta\">\r\n                                                                    <span>\r\n                                   1 Januara, 2024                                <\/span>\r\n                                \r\n                                                                                                    <span>\r\n                                            39                                <\/span>\r\n                                                            <\/div>\r\n                                                            <p class=\"tz-recent-description\">\r\n                                    U botani\u010dkom smislu drvo igra zna\u010dajnu ulogu u preno\u0161enju vode i otopljenih minerala iz korijena u ostatak <a class=\"tzreadmore simple-ajax-popup-align-top\" href=\"https:\/\/elc.ba\/bs\/blog\/\">Read More<\/a>                                <\/p>\r\n                                                                                                                    <\/div>\r\n                                                                                                                    <\/div>\r\n            <\/div>\r\n            \r\n                                    <div class=\"col-md-4\">\r\n                <div class=\"tz-recent-inner tz_animatable tz-recent-inner-5\">\r\n                                            <img loading=\"lazy\" decoding=\"async\" width=\"1024\" height=\"768\" src=\"https:\/\/elc.ba\/wp-content\/uploads\/2021\/04\/heart-1288420_1920-1024x768.jpg\" class=\"attachment-large size-large wp-post-image\" alt=\"\" srcset=\"https:\/\/elc.ba\/wp-content\/uploads\/2021\/04\/heart-1288420_1920-1024x768.jpg 1024w, https:\/\/elc.ba\/wp-content\/uploads\/2021\/04\/heart-1288420_1920-300x225.jpg 300w, https:\/\/elc.ba\/wp-content\/uploads\/2021\/04\/heart-1288420_1920-768x576.jpg 768w, https:\/\/elc.ba\/wp-content\/uploads\/2021\/04\/heart-1288420_1920-1536x1152.jpg 1536w, https:\/\/elc.ba\/wp-content\/uploads\/2021\/04\/heart-1288420_1920.jpg 1920w\" sizes=\"auto, (max-width: 1024px) 100vw, 1024px\" \/>\r\n                                                                            <div class=\"tz_box_info\">\r\n                                                <h3 class=\"tz-recent-title\">\r\n                            <a href=\"https:\/\/elc.ba\/bs\/2023\/10\/13\/the-process-by-which-wood-is-produced-in-trees\/\">Tvrdo i mehko drvo<\/a>\r\n                        <\/h3>\r\n\r\n                                                                                                \r\n                            <div class=\"tz-recent-meta\">\r\n                                                                    <span>\r\n                                   13 Oktobra, 2023                                <\/span>\r\n                                \r\n                                                                                                    <span>\r\n                                            43                                <\/span>\r\n                                                            <\/div>\r\n                                                            <p class=\"tz-recent-description\">\r\n                                    Dobro je poznata \u010dinjenica da drvo potje\u010de od drve\u0107a. Ono \u0161to se \u010desto ne vidi je sastav drveta <a class=\"tzreadmore simple-ajax-popup-align-top\" href=\"https:\/\/elc.ba\/bs\/blog\/\">Read More<\/a>                                <\/p>\r\n                                                                                                                    <\/div>\r\n                                                                                                                    <\/div>\r\n            <\/div>\r\n                            <\/div>\r\n                \r\n                <\/div>\r\n    <\/div><\/div><\/div><\/div>","protected":false},"excerpt":{"rendered":"&nbsp; Search Home Products Services Jobs Blog Gallery About Us Contact Blog Types of wood used for making furniture 10 <a class=\"tzreadmore simple-ajax-popup-align-top\" href=\"https:\/\/elc.ba\/bs\/blog\/\">Read More<\/a>","protected":false},"author":1,"featured_media":0,"parent":0,"menu_order":0,"comment_status":"closed","ping_status":"closed","template":"template-homepage.php","meta":{"_mi_skip_tracking":false,"_monsterinsights_sitenote_active":false,"_monsterinsights_sitenote_note":"","_monsterinsights_sitenote_category":0,"footnotes":""},"class_list":["post-4709","page","type-page","status-publish","hentry"],"yoast_head":"<!-- This site is optimized with the Yoast SEO plugin v20.13 - https:\/\/yoast.com\/wordpress\/plugins\/seo\/ -->\n<title>Blog - El Company d.o.o<\/title>\n<meta name=\"robots\" content=\"index, follow, max-snippet:-1, max-image-preview:large, max-video-preview:-1\" \/>\n<link rel=\"canonical\" href=\"https:\/\/elc.ba\/bs\/blog\/\" \/>\n<meta property=\"og:locale\" content=\"bs_BA\" \/>\n<meta property=\"og:type\" content=\"article\" \/>\n<meta property=\"og:title\" content=\"Blog - El Company d.o.o\" \/>\n<meta property=\"og:url\" content=\"https:\/\/elc.ba\/bs\/blog\/\" \/>\n<meta property=\"og:site_name\" content=\"El Company d.o.o\" \/>\n<meta property=\"article:modified_time\" content=\"2021-05-11T13:59:03+00:00\" \/>\n<meta name=\"twitter:card\" content=\"summary_large_image\" \/>\n<meta name=\"twitter:label1\" content=\"Est. reading time\" \/>\n\t<meta name=\"twitter:data1\" content=\"1 minuta\" \/>\n<script type=\"application\/ld+json\" class=\"yoast-schema-graph\">{\"@context\":\"https:\/\/schema.org\",\"@graph\":[{\"@type\":\"WebPage\",\"@id\":\"https:\/\/elc.ba\/blog\/\",\"url\":\"https:\/\/elc.ba\/blog\/\",\"name\":\"Blog - El Company d.o.o\",\"isPartOf\":{\"@id\":\"https:\/\/elc.ba\/#website\"},\"datePublished\":\"2021-04-29T13:02:06+00:00\",\"dateModified\":\"2021-05-11T13:59:03+00:00\",\"breadcrumb\":{\"@id\":\"https:\/\/elc.ba\/blog\/#breadcrumb\"},\"inLanguage\":\"bs-BA\",\"potentialAction\":[{\"@type\":\"ReadAction\",\"target\":[\"https:\/\/elc.ba\/blog\/\"]}]},{\"@type\":\"BreadcrumbList\",\"@id\":\"https:\/\/elc.ba\/blog\/#breadcrumb\",\"itemListElement\":[{\"@type\":\"ListItem\",\"position\":1,\"name\":\"Home\",\"item\":\"https:\/\/elc.ba\/\"},{\"@type\":\"ListItem\",\"position\":2,\"name\":\"Blog\"}]},{\"@type\":\"WebSite\",\"@id\":\"https:\/\/elc.ba\/#website\",\"url\":\"https:\/\/elc.ba\/\",\"name\":\"El Company d.o.o\",\"description\":\"\",\"publisher\":{\"@id\":\"https:\/\/elc.ba\/#organization\"},\"potentialAction\":[{\"@type\":\"SearchAction\",\"target\":{\"@type\":\"EntryPoint\",\"urlTemplate\":\"https:\/\/elc.ba\/?s={search_term_string}\"},\"query-input\":\"required name=search_term_string\"}],\"inLanguage\":\"bs-BA\"},{\"@type\":\"Organization\",\"@id\":\"https:\/\/elc.ba\/#organization\",\"name\":\"EL Company\",\"url\":\"https:\/\/elc.ba\/\",\"logo\":{\"@type\":\"ImageObject\",\"inLanguage\":\"bs-BA\",\"@id\":\"https:\/\/elc.ba\/#\/schema\/logo\/image\/\",\"url\":\"https:\/\/elc.ba\/wp-content\/uploads\/2021\/05\/cropped-512x512-1.png\",\"contentUrl\":\"https:\/\/elc.ba\/wp-content\/uploads\/2021\/05\/cropped-512x512-1.png\",\"width\":512,\"height\":512,\"caption\":\"EL Company\"},\"image\":{\"@id\":\"https:\/\/elc.ba\/#\/schema\/logo\/image\/\"}}]}<\/script>\n<!-- \/ Yoast SEO plugin. -->","yoast_head_json":{"title":"Blog - El Company d.o.o","robots":{"index":"index","follow":"follow","max-snippet":"max-snippet:-1","max-image-preview":"max-image-preview:large","max-video-preview":"max-video-preview:-1"},"canonical":"https:\/\/elc.ba\/bs\/blog\/","og_locale":"bs_BA","og_type":"article","og_title":"Blog - El Company d.o.o","og_url":"https:\/\/elc.ba\/bs\/blog\/","og_site_name":"El Company d.o.o","article_modified_time":"2021-05-11T13:59:03+00:00","twitter_card":"summary_large_image","twitter_misc":{"Est. reading time":"1 minuta"},"schema":{"@context":"https:\/\/schema.org","@graph":[{"@type":"WebPage","@id":"https:\/\/elc.ba\/blog\/","url":"https:\/\/elc.ba\/blog\/","name":"Blog - El Company d.o.o","isPartOf":{"@id":"https:\/\/elc.ba\/#website"},"datePublished":"2021-04-29T13:02:06+00:00","dateModified":"2021-05-11T13:59:03+00:00","breadcrumb":{"@id":"https:\/\/elc.ba\/blog\/#breadcrumb"},"inLanguage":"bs-BA","potentialAction":[{"@type":"ReadAction","target":["https:\/\/elc.ba\/blog\/"]}]},{"@type":"BreadcrumbList","@id":"https:\/\/elc.ba\/blog\/#breadcrumb","itemListElement":[{"@type":"ListItem","position":1,"name":"Home","item":"https:\/\/elc.ba\/"},{"@type":"ListItem","position":2,"name":"Blog"}]},{"@type":"WebSite","@id":"https:\/\/elc.ba\/#website","url":"https:\/\/elc.ba\/","name":"El Company d.o.o","description":"","publisher":{"@id":"https:\/\/elc.ba\/#organization"},"potentialAction":[{"@type":"SearchAction","target":{"@type":"EntryPoint","urlTemplate":"https:\/\/elc.ba\/?s={search_term_string}"},"query-input":"required name=search_term_string"}],"inLanguage":"bs-BA"},{"@type":"Organization","@id":"https:\/\/elc.ba\/#organization","name":"EL Company","url":"https:\/\/elc.ba\/","logo":{"@type":"ImageObject","inLanguage":"bs-BA","@id":"https:\/\/elc.ba\/#\/schema\/logo\/image\/","url":"https:\/\/elc.ba\/wp-content\/uploads\/2021\/05\/cropped-512x512-1.png","contentUrl":"https:\/\/elc.ba\/wp-content\/uploads\/2021\/05\/cropped-512x512-1.png","width":512,"height":512,"caption":"EL Company"},"image":{"@id":"https:\/\/elc.ba\/#\/schema\/logo\/image\/"}}]}},"_links":{"self":[{"href":"https:\/\/elc.ba\/bs\/wp-json\/wp\/v2\/pages\/4709","targetHints":{"allow":["GET"]}}],"collection":[{"href":"https:\/\/elc.ba\/bs\/wp-json\/wp\/v2\/pages"}],"about":[{"href":"https:\/\/elc.ba\/bs\/wp-json\/wp\/v2\/types\/page"}],"author":[{"embeddable":true,"href":"https:\/\/elc.ba\/bs\/wp-json\/wp\/v2\/users\/1"}],"replies":[{"embeddable":true,"href":"https:\/\/elc.ba\/bs\/wp-json\/wp\/v2\/comments?post=4709"}],"version-history":[{"count":30,"href":"https:\/\/elc.ba\/bs\/wp-json\/wp\/v2\/pages\/4709\/revisions"}],"predecessor-version":[{"id":5102,"href":"https:\/\/elc.ba\/bs\/wp-json\/wp\/v2\/pages\/4709\/revisions\/5102"}],"wp:attachment":[{"href":"https:\/\/elc.ba\/bs\/wp-json\/wp\/v2\/media?parent=4709"}],"curies":[{"name":"wp","href":"https:\/\/api.w.org\/{rel}","templated":true}]}}