{"id":3741,"date":"2019-06-06T08:54:11","date_gmt":"2019-06-06T08:54:11","guid":{"rendered":"http:\/\/wordpress.templaza.net\/interiart\/?page_id=3741"},"modified":"2021-05-19T09:48:55","modified_gmt":"2021-05-19T09:48:55","slug":"about-us","status":"publish","type":"page","link":"https:\/\/elc.ba\/bs\/about-us\/","title":{"rendered":"O nama"},"content":{"rendered":"<div class=\"vc_row wpb_row vc_row-fluid\"><div class=\"no_container\"><div class=\"wpb_column vc_column_container vc_col-sm-12\"><div class=\"wpb_wrapper\">\r\n        <header class=\"tz-header  tz-header-type-3\">\r\n                                    \r\n            <div class=\"tz-headerBottom\">\r\n\r\n                                <div class=\"container\">\r\n                    \r\n                                                                                <a class=\"pull-left tz_logo\" href=\"https:\/\/elc.ba\/bs\"\r\n                                   title=\"El Company d.o.o\"  >\r\n                                    <img decoding=\"async\" class=\"logo_lager\" width =\"250\" height =\"90\" src=\"https:\/\/elc.ba\/wp-content\/uploads\/2021\/05\/elc.png\" alt=\"El Company d.o.o\" \/>                                <\/a>\r\n                                                        \r\n                            \r\n                                                                                            <div class=\"tz-header-search pull-right\">\r\n                                    <span aria-hidden='true' class='icon_search tz_icon_search'><\/span>\r\n                                    <span aria-hidden='true' class='icon_close tz_icon_close'><\/span>\r\n                                    <div class=\"tz-header-search-form\">\r\n                                            <form method=\"get\" class=\"searchform\" action=\"https:\/\/elc.ba\/bs\/\" data-trp-original-action=\"https:\/\/elc.ba\/bs\/\">\n        <label class=\"icon-search\">&nbsp;<\/label>\n        <label class=\"assistive-text assistive-tzsearch\">Search<\/label>\n        <input type=\"text\" class=\"field Tzsearchform inputbox search-query\" name=\"s\" placeholder=\"Search...\" \/>\n        <input type=\"submit\" class=\"submit searchsubmit\" name=\"submit\" value=\"Search\" \/>\n        <span aria-hidden='true' class='icon_search'><\/span>\n    <input type=\"hidden\" name=\"trp-form-language\" value=\"bs\"\/><\/form>\n                                    <\/div>\r\n                                <\/div>\r\n                                                                                    <button type=\"button\" class=\"navbar-toggle collapsed\" data-toggle=\"collapse\"\r\n                                    data-target=\"#tz-navbar-collapse\">\r\n                                <i class=\"fa fa-bars\"><\/i>\r\n                            <\/button>\r\n                            <nav class=\"pull-right\">\r\n                                <ul id=\"tz-navbar-collapse\" class=\"nav navbar-nav collapse navbar-collapse pull-left tz-nav\"><li id=\"menu-item-4567\" class=\"menu-item menu-item-type-post_type menu-item-object-page menu-item-home menu-item-4567\"><a href=\"https:\/\/elc.ba\/bs\/\">Po\u010detna<\/a><\/li>\n<li id=\"menu-item-10678\" class=\"menu-item menu-item-type-post_type menu-item-object-page menu-item-10678\"><a href=\"https:\/\/elc.ba\/bs\/products\/\">Proizvodi<\/a><\/li>\n<li id=\"menu-item-4910\" class=\"menu-item menu-item-type-post_type menu-item-object-page menu-item-4910\"><a href=\"https:\/\/elc.ba\/bs\/services\/\">Usluge<\/a><\/li>\n<li id=\"menu-item-4772\" class=\"menu-item menu-item-type-post_type menu-item-object-page menu-item-4772\"><a href=\"https:\/\/elc.ba\/bs\/job-openings\/\">Poslovi<\/a><\/li>\n<li id=\"menu-item-4732\" class=\"menu-item menu-item-type-post_type menu-item-object-page menu-item-4732\"><a href=\"https:\/\/elc.ba\/bs\/blog\/\">Blog<\/a><\/li>\n<li id=\"menu-item-4743\" class=\"menu-item menu-item-type-post_type menu-item-object-page menu-item-4743\"><a href=\"https:\/\/elc.ba\/bs\/gallery\/\">Galerija<\/a><\/li>\n<li id=\"menu-item-4627\" class=\"menu-item menu-item-type-post_type menu-item-object-page menu-item-4627\"><a href=\"https:\/\/elc.ba\/bs\/about-us\/\">O nama<\/a><\/li>\n<li id=\"menu-item-4571\" class=\"menu-item menu-item-type-post_type menu-item-object-page menu-item-4571\"><a href=\"https:\/\/elc.ba\/bs\/contact\/\">Kontakt<\/a><\/li>\n<\/ul>                            <\/nav>\r\n                            \r\n                                                                <\/div><!--end class container-->\r\n            \r\n                                \r\n            <\/div>\r\n\r\n            \r\n        <\/header>\r\n        \r\n        \r\n    <\/div><\/div><\/div><\/div><div class=\"vc_row wpb_row vc_row-fluid vc_custom_1620733768116 vc_row-has-fill\"><div class=\"no_container\"><div class=\"wpb_column vc_column_container vc_col-sm-12\"><div class=\"wpb_wrapper\">\n\t<div class=\"wpb_text_column wpb_content_element  vc_custom_1620048778106\" >\n\t\t<div class=\"wpb_wrapper\">\n\t\t\t<h1 style=\"text-align: center;\"><span style=\"color: #ffffff;\">O NAMA<\/span><\/h1>\n\n\t\t<\/div>\n\t<\/div>\n<\/div><\/div><\/div><\/div><div class=\"vc_row wpb_row vc_row-fluid vc_custom_1559813578900\"><div class=\"container\"><div class=\"row\"><div class=\"wpb_column vc_column_container vc_col-sm-6 vc_custom_1559811707243\"><div class=\"wpb_wrapper\">    <div class=\"tzElement-title tz_on_title  tz-title-type-3 tz-text-align-left\">\r\n                    <span class=\"tzSubTitle\" ><\/span>\r\n                            <span class=\"tzTitle\">\r\n                    EL <em>COMPANY<\/em>                <\/span>\r\n                \r\n                    \r\n        \r\n        \r\n    <\/div>\r\n    \n\t<div class=\"wpb_text_column wpb_content_element  vc_custom_1620113200796\" >\n\t\t<div class=\"wpb_wrapper\">\n\t\t\t<p>\u201eEL company d.o.o.\u201c, firma u cjelokupnom privatnom vlasni\u0161tvu, osnovana je 2015. godine, te nakon probnog perioda na tr\u017ei\u0161te Bosne i Hercegovine izlazi ozbiljnije u toku 2016. godine, a nedugo nakon toga poslovanje \u0161iri i van granica Bosne i Hercegovine.<\/p>\n\n\t\t<\/div>\n\t<\/div>\n\n\t<div class=\"wpb_text_column wpb_content_element  vc_custom_1620113233471\" >\n\t\t<div class=\"wpb_wrapper\">\n\t\t\t<p>U samom po\u010detku \u201eEL company\u201c je proizvodio i razvijao proizvode iz vrtnog asortimana i asortimana bliskog vrtnom ure\u0111enju. Napreduju\u0107i u poslovanju \u201eEL company d.o.o.\u201c fokus svog djelovanja prebacuje na \u201eUradi sam\u201c namje\u0161taj kao \u0161to su sklopive noge za stolove, sklopive stala\u017ee, vi\u0161enamjenski namje\u0161taj i sli\u010dno. U saradnji sa partnerima sa tr\u017ei\u0161ta EU \u201eEL company\u201c po\u010dinje razvijati i proizvoditi namje\u0161taj za ku\u0107ne ljubimce poput ku\u0107ica za pse i druge \u017eivotinje, koko\u0161injce, ogradice za ku\u0107ne ljubimce i tome sli\u010dno.<\/p>\n\n\t\t<\/div>\n\t<\/div>\n\n\t<div class=\"wpb_text_column wpb_content_element  vc_custom_1620113304456\" >\n\t\t<div class=\"wpb_wrapper\">\n\t\t\t<p>Trenutno \u201eEL company\u201c djeluje i na tre\u0107em, gore srodnom, polju i to dizajniraju\u0107i proizvode me\u0111u kojima se naro\u010dito isti\u010de izlo\u017ebeni namje\u0161taj, kao \u0161to su police i stala\u017ee za specifi\u010dne proizvode, prilago\u0111avaju\u0107i proizvod mogu\u0107nostima serijske proizvodnje.<\/p>\n\n\t\t<\/div>\n\t<\/div>\n\n\t<div class=\"wpb_text_column wpb_content_element  vc_custom_1620113325478\" >\n\t\t<div class=\"wpb_wrapper\">\n\t\t\t<p>\u201eEL company\u201c od 2020. godine radi isklju\u010divo na principu B2B poslovanja, sura\u0111uju\u0107i sa veleprodavcima koji dalje raznim kanalima robu distribuiraju do krajnjeg korisnika.<\/p>\n<p>Svi uposleni, a kojih je trenutno preko 40, konastano rade na pobolj\u0161anju kapaciteta i kvaliteta proizvodnje \u010dine\u0107i \u201eEL company\u201c po\u017eeljnim partnerom i poslodavcem.<\/p>\n\n\t\t<\/div>\n\t<\/div>\n<\/div><\/div><div class=\"wpb_column vc_column_container vc_col-sm-6\"><div class=\"wpb_wrapper\">\n\t<div  class=\"wpb_single_image wpb_content_element vc_align_left  vc_custom_1620392456104\">\n\t\t\n\t\t<figure class=\"wpb_wrapper vc_figure\">\n\t\t\t<div class=\"vc_single_image-wrapper   vc_box_border_grey\"><img loading=\"lazy\" decoding=\"async\" width=\"800\" height=\"800\" src=\"https:\/\/elc.ba\/wp-content\/uploads\/2021\/05\/DJI_0048.png\" class=\"vc_single_image-img attachment-full\" alt=\"\" srcset=\"https:\/\/elc.ba\/wp-content\/uploads\/2021\/05\/DJI_0048.png 800w, https:\/\/elc.ba\/wp-content\/uploads\/2021\/05\/DJI_0048-300x300.png 300w, https:\/\/elc.ba\/wp-content\/uploads\/2021\/05\/DJI_0048-150x150.png 150w, https:\/\/elc.ba\/wp-content\/uploads\/2021\/05\/DJI_0048-768x768.png 768w, https:\/\/elc.ba\/wp-content\/uploads\/2021\/05\/DJI_0048-12x12.png 12w\" sizes=\"auto, (max-width: 800px) 100vw, 800px\" \/><\/div>\n\t\t<\/figure>\n\t<\/div>\n<\/div><\/div><\/div><\/div><\/div><div class=\"vc_row wpb_row vc_row-fluid vc_custom_1559812563099\"><div class=\"no_container\"><div class=\"wpb_column vc_column_container vc_col-sm-12\"><div class=\"wpb_wrapper\">    <div class=\"tzElement_Image_slide slide-type-1\">\r\n        <div class=\"image-slider owl-carousel\">\r\n                            <div class=\"tzImage_Slide_Item\">\r\n                    <img loading=\"lazy\" decoding=\"async\" width=\"800\" height=\"800\" src=\"https:\/\/elc.ba\/wp-content\/uploads\/2021\/05\/DJI_0045.png\" class=\"attachment-large\" alt=\"\" srcset=\"https:\/\/elc.ba\/wp-content\/uploads\/2021\/05\/DJI_0045.png 800w, https:\/\/elc.ba\/wp-content\/uploads\/2021\/05\/DJI_0045-300x300.png 300w, https:\/\/elc.ba\/wp-content\/uploads\/2021\/05\/DJI_0045-150x150.png 150w, https:\/\/elc.ba\/wp-content\/uploads\/2021\/05\/DJI_0045-768x768.png 768w, https:\/\/elc.ba\/wp-content\/uploads\/2021\/05\/DJI_0045-12x12.png 12w\" sizes=\"auto, (max-width: 800px) 100vw, 800px\" \/>                <\/div>\r\n                            <div class=\"tzImage_Slide_Item\">\r\n                    <img loading=\"lazy\" decoding=\"async\" width=\"800\" height=\"800\" src=\"https:\/\/elc.ba\/wp-content\/uploads\/2021\/05\/DJI_0047.png\" class=\"attachment-large\" alt=\"\" srcset=\"https:\/\/elc.ba\/wp-content\/uploads\/2021\/05\/DJI_0047.png 800w, https:\/\/elc.ba\/wp-content\/uploads\/2021\/05\/DJI_0047-300x300.png 300w, https:\/\/elc.ba\/wp-content\/uploads\/2021\/05\/DJI_0047-150x150.png 150w, https:\/\/elc.ba\/wp-content\/uploads\/2021\/05\/DJI_0047-768x768.png 768w, https:\/\/elc.ba\/wp-content\/uploads\/2021\/05\/DJI_0047-12x12.png 12w\" sizes=\"auto, (max-width: 800px) 100vw, 800px\" \/>                <\/div>\r\n                            <div class=\"tzImage_Slide_Item\">\r\n                    <img loading=\"lazy\" decoding=\"async\" width=\"800\" height=\"800\" src=\"https:\/\/elc.ba\/wp-content\/uploads\/2021\/05\/DJI_0054.png\" class=\"attachment-large\" alt=\"\" srcset=\"https:\/\/elc.ba\/wp-content\/uploads\/2021\/05\/DJI_0054.png 800w, https:\/\/elc.ba\/wp-content\/uploads\/2021\/05\/DJI_0054-300x300.png 300w, https:\/\/elc.ba\/wp-content\/uploads\/2021\/05\/DJI_0054-150x150.png 150w, https:\/\/elc.ba\/wp-content\/uploads\/2021\/05\/DJI_0054-768x768.png 768w, https:\/\/elc.ba\/wp-content\/uploads\/2021\/05\/DJI_0054-12x12.png 12w\" sizes=\"auto, (max-width: 800px) 100vw, 800px\" \/>                <\/div>\r\n                            <div class=\"tzImage_Slide_Item\">\r\n                    <img loading=\"lazy\" decoding=\"async\" width=\"800\" height=\"800\" src=\"https:\/\/elc.ba\/wp-content\/uploads\/2021\/05\/DJI_0056.png\" class=\"attachment-large\" alt=\"\" srcset=\"https:\/\/elc.ba\/wp-content\/uploads\/2021\/05\/DJI_0056.png 800w, https:\/\/elc.ba\/wp-content\/uploads\/2021\/05\/DJI_0056-300x300.png 300w, https:\/\/elc.ba\/wp-content\/uploads\/2021\/05\/DJI_0056-150x150.png 150w, https:\/\/elc.ba\/wp-content\/uploads\/2021\/05\/DJI_0056-768x768.png 768w, https:\/\/elc.ba\/wp-content\/uploads\/2021\/05\/DJI_0056-12x12.png 12w\" sizes=\"auto, (max-width: 800px) 100vw, 800px\" \/>                <\/div>\r\n                    <\/div>\r\n\r\n        <script type=\"text\/javascript\">\r\n            jQuery(document).ready(function () {\r\n                \/\/ \"use strict\";\r\n\r\n                jQuery('.image-slider').each(function () {\r\n\r\n                    jQuery(this).owlCarousel({\r\n                        nav:true,\r\n                                                navText: [\"<i class='fa fa-angle-left'><\/i>\", \"<i class='fa fa-angle-right'><\/i>\"],\r\n                                                dots:true,\r\n                        autoplay: false,\r\n                        autoplaySpeed: 800,\r\n                        slideSpeed: 800,\r\n                        loop: true,\r\n                        center: true,\r\n                        paginationSpeed: 1000,\r\n                        responsive: {\r\n                            0: {\r\n                                items: 1                            },\r\n                            600: {\r\n                                items: 1                            },\r\n                            992: {\r\n                                items: 3                            },\r\n                            1200: {\r\n                                items: 3,\r\n                                nav: true\r\n                            }\r\n                        },\r\n                    })\r\n                })\r\n            });\r\n        <\/script>\r\n    <\/div>\r\n    <\/div><\/div><\/div><\/div>","protected":false},"excerpt":{"rendered":"&nbsp; Search Home Products Services Jobs Blog Gallery About Us Contact ABOUT US EL COMPANY \u201eEL company d.o.o.\u201c, a private <a class=\"tzreadmore simple-ajax-popup-align-top\" href=\"https:\/\/elc.ba\/bs\/about-us\/\">Read More<\/a>","protected":false},"author":1,"featured_media":0,"parent":0,"menu_order":0,"comment_status":"closed","ping_status":"closed","template":"template-homepage.php","meta":{"_mi_skip_tracking":false,"_monsterinsights_sitenote_active":false,"_monsterinsights_sitenote_note":"","_monsterinsights_sitenote_category":0,"footnotes":""},"class_list":["post-3741","page","type-page","status-publish","hentry"],"yoast_head":"<!-- This site is optimized with the Yoast SEO plugin v20.13 - https:\/\/yoast.com\/wordpress\/plugins\/seo\/ -->\n<title>About Us - El Company d.o.o<\/title>\n<meta name=\"robots\" content=\"index, follow, max-snippet:-1, max-image-preview:large, max-video-preview:-1\" \/>\n<link rel=\"canonical\" href=\"https:\/\/elc.ba\/bs\/about-us\/\" \/>\n<meta property=\"og:locale\" content=\"bs_BA\" \/>\n<meta property=\"og:type\" content=\"article\" \/>\n<meta property=\"og:title\" content=\"About Us - El Company d.o.o\" \/>\n<meta property=\"og:url\" content=\"https:\/\/elc.ba\/bs\/about-us\/\" \/>\n<meta property=\"og:site_name\" content=\"El Company d.o.o\" \/>\n<meta property=\"article:modified_time\" content=\"2021-05-19T09:48:55+00:00\" \/>\n<meta name=\"twitter:card\" content=\"summary_large_image\" \/>\n<meta name=\"twitter:label1\" content=\"Est. reading time\" \/>\n\t<meta name=\"twitter:data1\" content=\"2 minute\" \/>\n<script type=\"application\/ld+json\" class=\"yoast-schema-graph\">{\"@context\":\"https:\/\/schema.org\",\"@graph\":[{\"@type\":\"WebPage\",\"@id\":\"https:\/\/elc.ba\/about-us\/\",\"url\":\"https:\/\/elc.ba\/about-us\/\",\"name\":\"About Us - El Company d.o.o\",\"isPartOf\":{\"@id\":\"https:\/\/elc.ba\/#website\"},\"datePublished\":\"2019-06-06T08:54:11+00:00\",\"dateModified\":\"2021-05-19T09:48:55+00:00\",\"breadcrumb\":{\"@id\":\"https:\/\/elc.ba\/about-us\/#breadcrumb\"},\"inLanguage\":\"bs-BA\",\"potentialAction\":[{\"@type\":\"ReadAction\",\"target\":[\"https:\/\/elc.ba\/about-us\/\"]}]},{\"@type\":\"BreadcrumbList\",\"@id\":\"https:\/\/elc.ba\/about-us\/#breadcrumb\",\"itemListElement\":[{\"@type\":\"ListItem\",\"position\":1,\"name\":\"Home\",\"item\":\"https:\/\/elc.ba\/\"},{\"@type\":\"ListItem\",\"position\":2,\"name\":\"About Us\"}]},{\"@type\":\"WebSite\",\"@id\":\"https:\/\/elc.ba\/#website\",\"url\":\"https:\/\/elc.ba\/\",\"name\":\"El Company d.o.o\",\"description\":\"\",\"publisher\":{\"@id\":\"https:\/\/elc.ba\/#organization\"},\"potentialAction\":[{\"@type\":\"SearchAction\",\"target\":{\"@type\":\"EntryPoint\",\"urlTemplate\":\"https:\/\/elc.ba\/?s={search_term_string}\"},\"query-input\":\"required name=search_term_string\"}],\"inLanguage\":\"bs-BA\"},{\"@type\":\"Organization\",\"@id\":\"https:\/\/elc.ba\/#organization\",\"name\":\"EL Company\",\"url\":\"https:\/\/elc.ba\/\",\"logo\":{\"@type\":\"ImageObject\",\"inLanguage\":\"bs-BA\",\"@id\":\"https:\/\/elc.ba\/#\/schema\/logo\/image\/\",\"url\":\"https:\/\/elc.ba\/wp-content\/uploads\/2021\/05\/cropped-512x512-1.png\",\"contentUrl\":\"https:\/\/elc.ba\/wp-content\/uploads\/2021\/05\/cropped-512x512-1.png\",\"width\":512,\"height\":512,\"caption\":\"EL Company\"},\"image\":{\"@id\":\"https:\/\/elc.ba\/#\/schema\/logo\/image\/\"}}]}<\/script>\n<!-- \/ Yoast SEO plugin. -->","yoast_head_json":{"title":"About Us - El Company d.o.o","robots":{"index":"index","follow":"follow","max-snippet":"max-snippet:-1","max-image-preview":"max-image-preview:large","max-video-preview":"max-video-preview:-1"},"canonical":"https:\/\/elc.ba\/bs\/about-us\/","og_locale":"bs_BA","og_type":"article","og_title":"About Us - El Company d.o.o","og_url":"https:\/\/elc.ba\/bs\/about-us\/","og_site_name":"El Company d.o.o","article_modified_time":"2021-05-19T09:48:55+00:00","twitter_card":"summary_large_image","twitter_misc":{"Est. reading time":"2 minute"},"schema":{"@context":"https:\/\/schema.org","@graph":[{"@type":"WebPage","@id":"https:\/\/elc.ba\/about-us\/","url":"https:\/\/elc.ba\/about-us\/","name":"About Us - El Company d.o.o","isPartOf":{"@id":"https:\/\/elc.ba\/#website"},"datePublished":"2019-06-06T08:54:11+00:00","dateModified":"2021-05-19T09:48:55+00:00","breadcrumb":{"@id":"https:\/\/elc.ba\/about-us\/#breadcrumb"},"inLanguage":"bs-BA","potentialAction":[{"@type":"ReadAction","target":["https:\/\/elc.ba\/about-us\/"]}]},{"@type":"BreadcrumbList","@id":"https:\/\/elc.ba\/about-us\/#breadcrumb","itemListElement":[{"@type":"ListItem","position":1,"name":"Home","item":"https:\/\/elc.ba\/"},{"@type":"ListItem","position":2,"name":"About Us"}]},{"@type":"WebSite","@id":"https:\/\/elc.ba\/#website","url":"https:\/\/elc.ba\/","name":"El Company d.o.o","description":"","publisher":{"@id":"https:\/\/elc.ba\/#organization"},"potentialAction":[{"@type":"SearchAction","target":{"@type":"EntryPoint","urlTemplate":"https:\/\/elc.ba\/?s={search_term_string}"},"query-input":"required name=search_term_string"}],"inLanguage":"bs-BA"},{"@type":"Organization","@id":"https:\/\/elc.ba\/#organization","name":"EL Company","url":"https:\/\/elc.ba\/","logo":{"@type":"ImageObject","inLanguage":"bs-BA","@id":"https:\/\/elc.ba\/#\/schema\/logo\/image\/","url":"https:\/\/elc.ba\/wp-content\/uploads\/2021\/05\/cropped-512x512-1.png","contentUrl":"https:\/\/elc.ba\/wp-content\/uploads\/2021\/05\/cropped-512x512-1.png","width":512,"height":512,"caption":"EL Company"},"image":{"@id":"https:\/\/elc.ba\/#\/schema\/logo\/image\/"}}]}},"_links":{"self":[{"href":"https:\/\/elc.ba\/bs\/wp-json\/wp\/v2\/pages\/3741","targetHints":{"allow":["GET"]}}],"collection":[{"href":"https:\/\/elc.ba\/bs\/wp-json\/wp\/v2\/pages"}],"about":[{"href":"https:\/\/elc.ba\/bs\/wp-json\/wp\/v2\/types\/page"}],"author":[{"embeddable":true,"href":"https:\/\/elc.ba\/bs\/wp-json\/wp\/v2\/users\/1"}],"replies":[{"embeddable":true,"href":"https:\/\/elc.ba\/bs\/wp-json\/wp\/v2\/comments?post=3741"}],"version-history":[{"count":22,"href":"https:\/\/elc.ba\/bs\/wp-json\/wp\/v2\/pages\/3741\/revisions"}],"predecessor-version":[{"id":5205,"href":"https:\/\/elc.ba\/bs\/wp-json\/wp\/v2\/pages\/3741\/revisions\/5205"}],"wp:attachment":[{"href":"https:\/\/elc.ba\/bs\/wp-json\/wp\/v2\/media?parent=3741"}],"curies":[{"name":"wp","href":"https:\/\/api.w.org\/{rel}","templated":true}]}}