{"id":2080,"date":"2016-02-22T04:03:46","date_gmt":"2016-02-22T04:03:46","guid":{"rendered":"http:\/\/wordpress.templaza.net\/interiart\/?page_id=2080"},"modified":"2025-10-09T02:12:14","modified_gmt":"2025-10-09T02:12:14","slug":"services","status":"publish","type":"page","link":"https:\/\/elc.ba\/bs\/services\/","title":{"rendered":"Usluge"},"content":{"rendered":"<div class=\"vc_row wpb_row vc_row-fluid\"><div class=\"no_container\"><div class=\"wpb_column vc_column_container vc_col-sm-12\"><div class=\"wpb_wrapper\">\r\n        <header class=\"tz-header  tz-header-type-3\">\r\n                                    \r\n            <div class=\"tz-headerBottom\">\r\n\r\n                                <div class=\"container\">\r\n                    \r\n                                                                                <a class=\"pull-left tz_logo\" href=\"https:\/\/elc.ba\/bs\"\r\n                                   title=\"El Company d.o.o\"  >\r\n                                    <img decoding=\"async\" class=\"logo_lager\" width =\"250\" height =\"90\" src=\"https:\/\/elc.ba\/wp-content\/uploads\/2021\/05\/elc.png\" alt=\"El Company d.o.o\" \/>                                <\/a>\r\n                                                        \r\n                            \r\n                                                                                            <div class=\"tz-header-search pull-right\">\r\n                                    <span aria-hidden='true' class='icon_search tz_icon_search'><\/span>\r\n                                    <span aria-hidden='true' class='icon_close tz_icon_close'><\/span>\r\n                                    <div class=\"tz-header-search-form\">\r\n                                            <form method=\"get\" class=\"searchform\" action=\"https:\/\/elc.ba\/bs\/\" data-trp-original-action=\"https:\/\/elc.ba\/bs\/\">\n        <label class=\"icon-search\">&nbsp;<\/label>\n        <label class=\"assistive-text assistive-tzsearch\">Search<\/label>\n        <input type=\"text\" class=\"field Tzsearchform inputbox search-query\" name=\"s\" placeholder=\"Search...\" \/>\n        <input type=\"submit\" class=\"submit searchsubmit\" name=\"submit\" value=\"Search\" \/>\n        <span aria-hidden='true' class='icon_search'><\/span>\n    <input type=\"hidden\" name=\"trp-form-language\" value=\"bs\"\/><\/form>\n                                    <\/div>\r\n                                <\/div>\r\n                                                                                    <button type=\"button\" class=\"navbar-toggle collapsed\" data-toggle=\"collapse\"\r\n                                    data-target=\"#tz-navbar-collapse\">\r\n                                <i class=\"fa fa-bars\"><\/i>\r\n                            <\/button>\r\n                            <nav class=\"pull-right\">\r\n                                <ul id=\"tz-navbar-collapse\" class=\"nav navbar-nav collapse navbar-collapse pull-left tz-nav\"><li id=\"menu-item-4567\" class=\"menu-item menu-item-type-post_type menu-item-object-page menu-item-home menu-item-4567\"><a href=\"https:\/\/elc.ba\/bs\/\">Po\u010detna<\/a><\/li>\n<li id=\"menu-item-10678\" class=\"menu-item menu-item-type-post_type menu-item-object-page menu-item-10678\"><a href=\"https:\/\/elc.ba\/bs\/products\/\">Proizvodi<\/a><\/li>\n<li id=\"menu-item-4910\" class=\"menu-item menu-item-type-post_type menu-item-object-page menu-item-4910\"><a href=\"https:\/\/elc.ba\/bs\/services\/\">Usluge<\/a><\/li>\n<li id=\"menu-item-4772\" class=\"menu-item menu-item-type-post_type menu-item-object-page menu-item-4772\"><a href=\"https:\/\/elc.ba\/bs\/job-openings\/\">Poslovi<\/a><\/li>\n<li id=\"menu-item-4732\" class=\"menu-item menu-item-type-post_type menu-item-object-page menu-item-4732\"><a href=\"https:\/\/elc.ba\/bs\/blog\/\">Blog<\/a><\/li>\n<li id=\"menu-item-4743\" class=\"menu-item menu-item-type-post_type menu-item-object-page menu-item-4743\"><a href=\"https:\/\/elc.ba\/bs\/gallery\/\">Galerija<\/a><\/li>\n<li id=\"menu-item-4627\" class=\"menu-item menu-item-type-post_type menu-item-object-page menu-item-4627\"><a href=\"https:\/\/elc.ba\/bs\/about-us\/\">O nama<\/a><\/li>\n<li id=\"menu-item-4571\" class=\"menu-item menu-item-type-post_type menu-item-object-page menu-item-4571\"><a href=\"https:\/\/elc.ba\/bs\/contact\/\">Kontakt<\/a><\/li>\n<\/ul>                            <\/nav>\r\n                            \r\n                                                                <\/div><!--end class container-->\r\n            \r\n                                \r\n            <\/div>\r\n\r\n            \r\n        <\/header>\r\n        \r\n        \r\n    <\/div><\/div><\/div><\/div><div class=\"vc_row wpb_row vc_row-fluid vc_custom_1759969431258 vc_row-has-fill\"><div class=\"no_container\"><div class=\"wpb_column vc_column_container vc_col-sm-12\"><div class=\"wpb_wrapper\">\n\t<div class=\"wpb_text_column wpb_content_element  vc_custom_1759968377897\" >\n\t\t<div class=\"wpb_wrapper\">\n\t\t\t<h1 style=\"text-align: center; color: white;\">USLUGE<\/h1>\n\n\t\t<\/div>\n\t<\/div>\n<\/div><\/div><\/div><\/div><div class=\"vc_row wpb_row vc_row-fluid\"><div class=\"no_container\"><div class=\"wpb_column vc_column_container vc_col-sm-12\"><div class=\"wpb_wrapper\">    <div class=\"tzElement-title tz_on_title  tz-title-type-7 tz-text-align-center  vc_custom_1759975932824\">\r\n                        <span class=\"tzTitle\"style=\"color:#d6b01b; font-size:; line-height: ; \">\r\n                    Usluge CNC rezanja i obrade                <\/span>\r\n                \r\n                    \r\n                    <p class=\"tzDescription\" >EL Company d.o.o. pru\u017ea usluge CNC rezanja i obrade na savremenim troosnim i petoosnim obradnim centrima. Opremljena modernom tehnologijom, kompanija osigurava visoku preciznost, fleksibilnost i mogu\u0107nost izrade i najslo\u017eenijih projekata. Usluge obuhvataju rezanje i obradu razli\u010ditih materijala, uklju\u010duju\u0107i drvo, MDF, kompakt plo\u010de, forex i druge reklamne materijale.<br \/>\nProjekti se realizuju prema dostavljenim crte\u017eima i tehni\u010dkim specifikacijama kupaca, uz stru\u010dnu podr\u0161ku u fazi pripreme i optimizacije. EL Company d.o.o. jednako uspje\u0161no realizuje pojedina\u010dne prototipove kao i serijsku proizvodnju, garantuju\u0107i kvalitet, ta\u010dnost i pravovremenu isporuku. Fleksibilnost i stru\u010dnost \u010dine ovu uslugu pouzdanim rje\u0161enjem za potrebe razli\u010ditih industrija.<br \/>\n<\/p>\r\n            <p style=\"color: red;\">\r\n\r\n            <\/p>\r\n        \r\n        \r\n    <\/div>\r\n    <\/div><\/div><\/div><\/div>","protected":false},"excerpt":{"rendered":"&nbsp; Search Home Products Services Jobs Blog Gallery About Us Contact OUR SERVICES CNC Cutting and Machining Services EL Company <a class=\"tzreadmore simple-ajax-popup-align-top\" href=\"https:\/\/elc.ba\/bs\/services\/\">Read More<\/a>","protected":false},"author":1,"featured_media":0,"parent":0,"menu_order":0,"comment_status":"closed","ping_status":"closed","template":"template-homepage.php","meta":{"_mi_skip_tracking":false,"_monsterinsights_sitenote_active":false,"_monsterinsights_sitenote_note":"","_monsterinsights_sitenote_category":0,"footnotes":""},"class_list":["post-2080","page","type-page","status-publish","hentry"],"yoast_head":"<!-- This site is optimized with the Yoast SEO plugin v20.13 - https:\/\/yoast.com\/wordpress\/plugins\/seo\/ -->\n<title>Services - El Company d.o.o<\/title>\n<meta name=\"robots\" content=\"index, follow, max-snippet:-1, max-image-preview:large, max-video-preview:-1\" \/>\n<link rel=\"canonical\" href=\"https:\/\/elc.ba\/bs\/services\/\" \/>\n<meta property=\"og:locale\" content=\"bs_BA\" \/>\n<meta property=\"og:type\" content=\"article\" \/>\n<meta property=\"og:title\" content=\"Services - El Company d.o.o\" \/>\n<meta property=\"og:url\" content=\"https:\/\/elc.ba\/bs\/services\/\" \/>\n<meta property=\"og:site_name\" content=\"El Company d.o.o\" \/>\n<meta property=\"article:modified_time\" content=\"2025-10-09T02:12:14+00:00\" \/>\n<meta name=\"twitter:card\" content=\"summary_large_image\" \/>\n<meta name=\"twitter:label1\" content=\"Est. reading time\" \/>\n\t<meta name=\"twitter:data1\" content=\"1 minuta\" \/>\n<script type=\"application\/ld+json\" class=\"yoast-schema-graph\">{\"@context\":\"https:\/\/schema.org\",\"@graph\":[{\"@type\":\"WebPage\",\"@id\":\"https:\/\/elc.ba\/services\/\",\"url\":\"https:\/\/elc.ba\/services\/\",\"name\":\"Services - El Company d.o.o\",\"isPartOf\":{\"@id\":\"https:\/\/elc.ba\/#website\"},\"datePublished\":\"2016-02-22T04:03:46+00:00\",\"dateModified\":\"2025-10-09T02:12:14+00:00\",\"breadcrumb\":{\"@id\":\"https:\/\/elc.ba\/services\/#breadcrumb\"},\"inLanguage\":\"bs-BA\",\"potentialAction\":[{\"@type\":\"ReadAction\",\"target\":[\"https:\/\/elc.ba\/services\/\"]}]},{\"@type\":\"BreadcrumbList\",\"@id\":\"https:\/\/elc.ba\/services\/#breadcrumb\",\"itemListElement\":[{\"@type\":\"ListItem\",\"position\":1,\"name\":\"Home\",\"item\":\"https:\/\/elc.ba\/\"},{\"@type\":\"ListItem\",\"position\":2,\"name\":\"Services\"}]},{\"@type\":\"WebSite\",\"@id\":\"https:\/\/elc.ba\/#website\",\"url\":\"https:\/\/elc.ba\/\",\"name\":\"El Company d.o.o\",\"description\":\"\",\"publisher\":{\"@id\":\"https:\/\/elc.ba\/#organization\"},\"potentialAction\":[{\"@type\":\"SearchAction\",\"target\":{\"@type\":\"EntryPoint\",\"urlTemplate\":\"https:\/\/elc.ba\/?s={search_term_string}\"},\"query-input\":\"required name=search_term_string\"}],\"inLanguage\":\"bs-BA\"},{\"@type\":\"Organization\",\"@id\":\"https:\/\/elc.ba\/#organization\",\"name\":\"EL Company\",\"url\":\"https:\/\/elc.ba\/\",\"logo\":{\"@type\":\"ImageObject\",\"inLanguage\":\"bs-BA\",\"@id\":\"https:\/\/elc.ba\/#\/schema\/logo\/image\/\",\"url\":\"https:\/\/elc.ba\/wp-content\/uploads\/2021\/05\/cropped-512x512-1.png\",\"contentUrl\":\"https:\/\/elc.ba\/wp-content\/uploads\/2021\/05\/cropped-512x512-1.png\",\"width\":512,\"height\":512,\"caption\":\"EL Company\"},\"image\":{\"@id\":\"https:\/\/elc.ba\/#\/schema\/logo\/image\/\"}}]}<\/script>\n<!-- \/ Yoast SEO plugin. -->","yoast_head_json":{"title":"Services - El Company d.o.o","robots":{"index":"index","follow":"follow","max-snippet":"max-snippet:-1","max-image-preview":"max-image-preview:large","max-video-preview":"max-video-preview:-1"},"canonical":"https:\/\/elc.ba\/bs\/services\/","og_locale":"bs_BA","og_type":"article","og_title":"Services - El Company d.o.o","og_url":"https:\/\/elc.ba\/bs\/services\/","og_site_name":"El Company d.o.o","article_modified_time":"2025-10-09T02:12:14+00:00","twitter_card":"summary_large_image","twitter_misc":{"Est. reading time":"1 minuta"},"schema":{"@context":"https:\/\/schema.org","@graph":[{"@type":"WebPage","@id":"https:\/\/elc.ba\/services\/","url":"https:\/\/elc.ba\/services\/","name":"Services - El Company d.o.o","isPartOf":{"@id":"https:\/\/elc.ba\/#website"},"datePublished":"2016-02-22T04:03:46+00:00","dateModified":"2025-10-09T02:12:14+00:00","breadcrumb":{"@id":"https:\/\/elc.ba\/services\/#breadcrumb"},"inLanguage":"bs-BA","potentialAction":[{"@type":"ReadAction","target":["https:\/\/elc.ba\/services\/"]}]},{"@type":"BreadcrumbList","@id":"https:\/\/elc.ba\/services\/#breadcrumb","itemListElement":[{"@type":"ListItem","position":1,"name":"Home","item":"https:\/\/elc.ba\/"},{"@type":"ListItem","position":2,"name":"Services"}]},{"@type":"WebSite","@id":"https:\/\/elc.ba\/#website","url":"https:\/\/elc.ba\/","name":"El Company d.o.o","description":"","publisher":{"@id":"https:\/\/elc.ba\/#organization"},"potentialAction":[{"@type":"SearchAction","target":{"@type":"EntryPoint","urlTemplate":"https:\/\/elc.ba\/?s={search_term_string}"},"query-input":"required name=search_term_string"}],"inLanguage":"bs-BA"},{"@type":"Organization","@id":"https:\/\/elc.ba\/#organization","name":"EL Company","url":"https:\/\/elc.ba\/","logo":{"@type":"ImageObject","inLanguage":"bs-BA","@id":"https:\/\/elc.ba\/#\/schema\/logo\/image\/","url":"https:\/\/elc.ba\/wp-content\/uploads\/2021\/05\/cropped-512x512-1.png","contentUrl":"https:\/\/elc.ba\/wp-content\/uploads\/2021\/05\/cropped-512x512-1.png","width":512,"height":512,"caption":"EL Company"},"image":{"@id":"https:\/\/elc.ba\/#\/schema\/logo\/image\/"}}]}},"_links":{"self":[{"href":"https:\/\/elc.ba\/bs\/wp-json\/wp\/v2\/pages\/2080","targetHints":{"allow":["GET"]}}],"collection":[{"href":"https:\/\/elc.ba\/bs\/wp-json\/wp\/v2\/pages"}],"about":[{"href":"https:\/\/elc.ba\/bs\/wp-json\/wp\/v2\/types\/page"}],"author":[{"embeddable":true,"href":"https:\/\/elc.ba\/bs\/wp-json\/wp\/v2\/users\/1"}],"replies":[{"embeddable":true,"href":"https:\/\/elc.ba\/bs\/wp-json\/wp\/v2\/comments?post=2080"}],"version-history":[{"count":40,"href":"https:\/\/elc.ba\/bs\/wp-json\/wp\/v2\/pages\/2080\/revisions"}],"predecessor-version":[{"id":10628,"href":"https:\/\/elc.ba\/bs\/wp-json\/wp\/v2\/pages\/2080\/revisions\/10628"}],"wp:attachment":[{"href":"https:\/\/elc.ba\/bs\/wp-json\/wp\/v2\/media?parent=2080"}],"curies":[{"name":"wp","href":"https:\/\/api.w.org\/{rel}","templated":true}]}}