{"id":10645,"date":"2025-10-09T04:08:23","date_gmt":"2025-10-09T04:08:23","guid":{"rendered":"https:\/\/elc.ba\/?page_id=10645"},"modified":"2025-10-09T08:35:03","modified_gmt":"2025-10-09T08:35:03","slug":"ploce","status":"publish","type":"page","link":"https:\/\/elc.ba\/bs\/ploce\/","title":{"rendered":"Production of Solid Wood Table Tops"},"content":{"rendered":"<div class=\"vc_row wpb_row vc_row-fluid\"><div class=\"no_container\"><div class=\"wpb_column vc_column_container vc_col-sm-12\"><div class=\"wpb_wrapper\">\r\n        <header class=\"tz-header  tz-header-type-3\">\r\n                                    \r\n            <div class=\"tz-headerBottom\">\r\n\r\n                                <div class=\"container\">\r\n                    \r\n                                                                                <a class=\"pull-left tz_logo\" href=\"https:\/\/elc.ba\/bs\"\r\n                                   title=\"El Company d.o.o\"  >\r\n                                    <img decoding=\"async\" class=\"logo_lager\" width =\"250\" height =\"90\" src=\"https:\/\/elc.ba\/wp-content\/uploads\/2021\/05\/elc.png\" alt=\"El Company d.o.o\" \/>                                <\/a>\r\n                                                        \r\n                            \r\n                                                                                            <div class=\"tz-header-search pull-right\">\r\n                                    <span aria-hidden='true' class='icon_search tz_icon_search'><\/span>\r\n                                    <span aria-hidden='true' class='icon_close tz_icon_close'><\/span>\r\n                                    <div class=\"tz-header-search-form\">\r\n                                            <form method=\"get\" class=\"searchform\" action=\"https:\/\/elc.ba\/bs\/\" data-trp-original-action=\"https:\/\/elc.ba\/bs\/\">\n        <label class=\"icon-search\">&nbsp;<\/label>\n        <label class=\"assistive-text assistive-tzsearch\">Search<\/label>\n        <input type=\"text\" class=\"field Tzsearchform inputbox search-query\" name=\"s\" placeholder=\"Search...\" \/>\n        <input type=\"submit\" class=\"submit searchsubmit\" name=\"submit\" value=\"Search\" \/>\n        <span aria-hidden='true' class='icon_search'><\/span>\n    <input type=\"hidden\" name=\"trp-form-language\" value=\"bs\"\/><\/form>\n                                    <\/div>\r\n                                <\/div>\r\n                                                                                    <button type=\"button\" class=\"navbar-toggle collapsed\" data-toggle=\"collapse\"\r\n                                    data-target=\"#tz-navbar-collapse\">\r\n                                <i class=\"fa fa-bars\"><\/i>\r\n                            <\/button>\r\n                            <nav class=\"pull-right\">\r\n                                <ul id=\"tz-navbar-collapse\" class=\"nav navbar-nav collapse navbar-collapse pull-left tz-nav\"><li id=\"menu-item-4567\" class=\"menu-item menu-item-type-post_type menu-item-object-page menu-item-home menu-item-4567\"><a href=\"https:\/\/elc.ba\/bs\/\">Po\u010detna<\/a><\/li>\n<li id=\"menu-item-10678\" class=\"menu-item menu-item-type-post_type menu-item-object-page menu-item-10678\"><a href=\"https:\/\/elc.ba\/bs\/products\/\">Proizvodi<\/a><\/li>\n<li id=\"menu-item-4910\" class=\"menu-item menu-item-type-post_type menu-item-object-page menu-item-4910\"><a href=\"https:\/\/elc.ba\/bs\/services\/\">Usluge<\/a><\/li>\n<li id=\"menu-item-4772\" class=\"menu-item menu-item-type-post_type menu-item-object-page menu-item-4772\"><a href=\"https:\/\/elc.ba\/bs\/job-openings\/\">Poslovi<\/a><\/li>\n<li id=\"menu-item-4732\" class=\"menu-item menu-item-type-post_type menu-item-object-page menu-item-4732\"><a href=\"https:\/\/elc.ba\/bs\/blog\/\">Blog<\/a><\/li>\n<li id=\"menu-item-4743\" class=\"menu-item menu-item-type-post_type menu-item-object-page menu-item-4743\"><a href=\"https:\/\/elc.ba\/bs\/gallery\/\">Galerija<\/a><\/li>\n<li id=\"menu-item-4627\" class=\"menu-item menu-item-type-post_type menu-item-object-page menu-item-4627\"><a href=\"https:\/\/elc.ba\/bs\/about-us\/\">O nama<\/a><\/li>\n<li id=\"menu-item-4571\" class=\"menu-item menu-item-type-post_type menu-item-object-page menu-item-4571\"><a href=\"https:\/\/elc.ba\/bs\/contact\/\">Kontakt<\/a><\/li>\n<\/ul>                            <\/nav>\r\n                            \r\n                                                                <\/div><!--end class container-->\r\n            \r\n                                \r\n            <\/div>\r\n\r\n            \r\n        <\/header>\r\n        \r\n        \r\n    <\/div><\/div><\/div><\/div><div class=\"vc_row wpb_row vc_row-fluid vc_custom_1759982901355 vc_row-has-fill\"><div class=\"no_container\"><div class=\"wpb_column vc_column_container vc_col-sm-12\"><div class=\"wpb_wrapper\">\n\t<div class=\"wpb_text_column wpb_content_element  vc_custom_1620038137622\" >\n\t\t<div class=\"wpb_wrapper\">\n\t\t\t<h1 style=\"text-align: center; color: white;\">Na\u0161i Proizvodi<\/h1>\n\n\t\t<\/div>\n\t<\/div>\n<\/div><\/div><\/div><\/div><div class=\"vc_row wpb_row vc_row-fluid\"><div class=\"no_container\"><div class=\"wpb_column vc_column_container vc_col-sm-12\"><div class=\"wpb_wrapper\">    <div class=\"tzElement-title tz_under_title  tz-title-type-12 tz-text-align-center  vc_custom_1759998897247\">\r\n                        <span class=\"tzTitle\"style=\"color:; font-size:36px; line-height: ; \">\r\n                    Plo\u010de za stolove                <\/span>\r\n                \r\n                    \r\n                    <p class=\"tzDescription\" style=\"                font-size:15px;                color:;                padding:10px 10px 10px 10px;                font-weight:;                \">EL Company d.o.o. manufactures finished solid oak table tops. Each top is made from width-glued oak elements, ensuring stability, strength, and the natural beauty of the wood. The finishing process involves oil treatment, which enhances the warmth of the oak, provides long-lasting protection, and ensures resistance to everyday use.<br \/>\nZavr\u0161na obrada vr\u0161i se uljenjem, \u010dime se nagla\u0161ava toplina hrasta, osigurava dugotrajna za\u0161tita i posti\u017ee otpornost na svakodnevnu upotrebu. Gotove plo\u010de za stolove dostupne su u razli\u010ditim dimenzijama i oblicima, pa se lako prilago\u0111avaju razli\u010ditim stilovima interijera \u2013 od klasi\u010dnih do modernih.\nU ponudi se nalazi nekoliko vlastitih modela plo\u010da za stolove, a postoji I mogu\u0107nost izrade plo\u010da po posebnim zahtjevima kupaca. Na taj na\u010din EL Company d.o.o. osigurava fleksibilnost i pouzdanost, pru\u017eaju\u0107i rje\u0161enja koja u potpunosti zadovoljavaju individualne potrebe i projekte klijenata.<\/p>\r\n            <p style=\"color: red;\">\r\n\r\n            <\/p>\r\n        \r\n        \r\n    <\/div>\r\n    <\/div><\/div><\/div><\/div><div class=\"vc_row wpb_row vc_row-fluid vc_custom_1559875942148\"><div class=\"no_container\"><div class=\"wpb_column vc_column_container vc_col-sm-12\"><div class=\"wpb_wrapper\">    <div class=\"tzElement_Image_slide slide-type-2  vc_custom_1759982241208\">\r\n        <div class=\"image-slider owl-carousel\">\r\n                            <div class=\"tzImage_Slide_Item\">\r\n                    <img loading=\"lazy\" decoding=\"async\" width=\"300\" height=\"300\" src=\"https:\/\/elc.ba\/wp-content\/uploads\/2025\/10\/stol3-300x300.jpg\" class=\"attachment-medium\" alt=\"\" srcset=\"https:\/\/elc.ba\/wp-content\/uploads\/2025\/10\/stol3-300x300.jpg 300w, https:\/\/elc.ba\/wp-content\/uploads\/2025\/10\/stol3-150x150.jpg 150w, https:\/\/elc.ba\/wp-content\/uploads\/2025\/10\/stol3-768x768.jpg 768w, https:\/\/elc.ba\/wp-content\/uploads\/2025\/10\/stol3-12x12.jpg 12w, https:\/\/elc.ba\/wp-content\/uploads\/2025\/10\/stol3.jpg 800w\" sizes=\"auto, (max-width: 300px) 100vw, 300px\" \/>                <\/div>\r\n                            <div class=\"tzImage_Slide_Item\">\r\n                    <img loading=\"lazy\" decoding=\"async\" width=\"300\" height=\"300\" src=\"https:\/\/elc.ba\/wp-content\/uploads\/2025\/10\/stol2-300x300.jpg\" class=\"attachment-medium\" alt=\"\" srcset=\"https:\/\/elc.ba\/wp-content\/uploads\/2025\/10\/stol2-300x300.jpg 300w, https:\/\/elc.ba\/wp-content\/uploads\/2025\/10\/stol2-150x150.jpg 150w, https:\/\/elc.ba\/wp-content\/uploads\/2025\/10\/stol2-768x768.jpg 768w, https:\/\/elc.ba\/wp-content\/uploads\/2025\/10\/stol2-12x12.jpg 12w, https:\/\/elc.ba\/wp-content\/uploads\/2025\/10\/stol2.jpg 800w\" sizes=\"auto, (max-width: 300px) 100vw, 300px\" \/>                <\/div>\r\n                            <div class=\"tzImage_Slide_Item\">\r\n                    <img loading=\"lazy\" decoding=\"async\" width=\"300\" height=\"300\" src=\"https:\/\/elc.ba\/wp-content\/uploads\/2025\/10\/stol1-300x300.jpg\" class=\"attachment-medium\" alt=\"\" srcset=\"https:\/\/elc.ba\/wp-content\/uploads\/2025\/10\/stol1-300x300.jpg 300w, https:\/\/elc.ba\/wp-content\/uploads\/2025\/10\/stol1-150x150.jpg 150w, https:\/\/elc.ba\/wp-content\/uploads\/2025\/10\/stol1-768x768.jpg 768w, https:\/\/elc.ba\/wp-content\/uploads\/2025\/10\/stol1-12x12.jpg 12w, https:\/\/elc.ba\/wp-content\/uploads\/2025\/10\/stol1.jpg 800w\" sizes=\"auto, (max-width: 300px) 100vw, 300px\" \/>                <\/div>\r\n                            <div class=\"tzImage_Slide_Item\">\r\n                    <img loading=\"lazy\" decoding=\"async\" width=\"300\" height=\"300\" src=\"https:\/\/elc.ba\/wp-content\/uploads\/2025\/10\/ploca2-300x300.jpg\" class=\"attachment-medium\" alt=\"\" srcset=\"https:\/\/elc.ba\/wp-content\/uploads\/2025\/10\/ploca2-300x300.jpg 300w, https:\/\/elc.ba\/wp-content\/uploads\/2025\/10\/ploca2-150x150.jpg 150w, https:\/\/elc.ba\/wp-content\/uploads\/2025\/10\/ploca2-768x768.jpg 768w, https:\/\/elc.ba\/wp-content\/uploads\/2025\/10\/ploca2-12x12.jpg 12w, https:\/\/elc.ba\/wp-content\/uploads\/2025\/10\/ploca2.jpg 800w\" sizes=\"auto, (max-width: 300px) 100vw, 300px\" \/>                <\/div>\r\n                            <div class=\"tzImage_Slide_Item\">\r\n                    <img loading=\"lazy\" decoding=\"async\" width=\"300\" height=\"300\" src=\"https:\/\/elc.ba\/wp-content\/uploads\/2025\/10\/ploca1-300x300.jpg\" class=\"attachment-medium\" alt=\"\" srcset=\"https:\/\/elc.ba\/wp-content\/uploads\/2025\/10\/ploca1-300x300.jpg 300w, https:\/\/elc.ba\/wp-content\/uploads\/2025\/10\/ploca1-150x150.jpg 150w, https:\/\/elc.ba\/wp-content\/uploads\/2025\/10\/ploca1-768x768.jpg 768w, https:\/\/elc.ba\/wp-content\/uploads\/2025\/10\/ploca1-12x12.jpg 12w, https:\/\/elc.ba\/wp-content\/uploads\/2025\/10\/ploca1.jpg 800w\" sizes=\"auto, (max-width: 300px) 100vw, 300px\" \/>                <\/div>\r\n                    <\/div>\r\n\r\n        <script type=\"text\/javascript\">\r\n            jQuery(document).ready(function () {\r\n                \/\/ \"use strict\";\r\n\r\n                jQuery('.image-slider').each(function () {\r\n\r\n                    jQuery(this).owlCarousel({\r\n                        nav:true,\r\n                                                navText: [\"<i class='fa fa-angle-left'><\/i>\", \"<i class='fa fa-angle-right'><\/i>\"],\r\n                                                dots:false,\r\n                        autoplay: false,\r\n                        autoplaySpeed: 800,\r\n                        slideSpeed: 800,\r\n                        loop: true,\r\n                        center: true,\r\n                        paginationSpeed: 1000,\r\n                        responsive: {\r\n                            0: {\r\n                                items: 1                            },\r\n                            600: {\r\n                                items: 1                            },\r\n                            992: {\r\n                                items: 3                            },\r\n                            1200: {\r\n                                items: 3,\r\n                                nav: true\r\n                            }\r\n                        },\r\n                    })\r\n                })\r\n            });\r\n        <\/script>\r\n    <\/div>\r\n    <\/div><\/div><\/div><\/div>","protected":false},"excerpt":{"rendered":"&nbsp; Search Home Products Services Jobs Blog Gallery About Us Contact OUR PRODUCTS Solid Wood Table Tops EL Company d.o.o. <a class=\"tzreadmore simple-ajax-popup-align-top\" href=\"https:\/\/elc.ba\/bs\/ploce\/\">Read More<\/a>","protected":false},"author":1,"featured_media":0,"parent":0,"menu_order":0,"comment_status":"closed","ping_status":"closed","template":"template-homepage.php","meta":{"_mi_skip_tracking":false,"_monsterinsights_sitenote_active":false,"_monsterinsights_sitenote_note":"","_monsterinsights_sitenote_category":0,"footnotes":""},"class_list":["post-10645","page","type-page","status-publish","hentry"],"yoast_head":"<!-- This site is optimized with the Yoast SEO plugin v20.13 - https:\/\/yoast.com\/wordpress\/plugins\/seo\/ -->\n<title>Production of Solid Wood Table Tops - El Company d.o.o<\/title>\n<meta name=\"robots\" content=\"index, follow, max-snippet:-1, max-image-preview:large, max-video-preview:-1\" \/>\n<link rel=\"canonical\" href=\"https:\/\/elc.ba\/bs\/ploce\/\" \/>\n<meta property=\"og:locale\" content=\"bs_BA\" \/>\n<meta property=\"og:type\" content=\"article\" \/>\n<meta property=\"og:title\" content=\"Production of Solid Wood Table Tops - El Company d.o.o\" \/>\n<meta property=\"og:url\" content=\"https:\/\/elc.ba\/bs\/ploce\/\" \/>\n<meta property=\"og:site_name\" content=\"El Company d.o.o\" \/>\n<meta property=\"article:modified_time\" content=\"2025-10-09T08:35:03+00:00\" \/>\n<meta name=\"twitter:card\" content=\"summary_large_image\" \/>\n<meta name=\"twitter:label1\" content=\"Est. reading time\" \/>\n\t<meta name=\"twitter:data1\" content=\"1 minuta\" \/>\n<script type=\"application\/ld+json\" class=\"yoast-schema-graph\">{\"@context\":\"https:\/\/schema.org\",\"@graph\":[{\"@type\":\"WebPage\",\"@id\":\"https:\/\/elc.ba\/ploce\/\",\"url\":\"https:\/\/elc.ba\/ploce\/\",\"name\":\"Production of Solid Wood Table Tops - El Company d.o.o\",\"isPartOf\":{\"@id\":\"https:\/\/elc.ba\/#website\"},\"datePublished\":\"2025-10-09T04:08:23+00:00\",\"dateModified\":\"2025-10-09T08:35:03+00:00\",\"breadcrumb\":{\"@id\":\"https:\/\/elc.ba\/ploce\/#breadcrumb\"},\"inLanguage\":\"bs-BA\",\"potentialAction\":[{\"@type\":\"ReadAction\",\"target\":[\"https:\/\/elc.ba\/ploce\/\"]}]},{\"@type\":\"BreadcrumbList\",\"@id\":\"https:\/\/elc.ba\/ploce\/#breadcrumb\",\"itemListElement\":[{\"@type\":\"ListItem\",\"position\":1,\"name\":\"Home\",\"item\":\"https:\/\/elc.ba\/\"},{\"@type\":\"ListItem\",\"position\":2,\"name\":\"Production of Solid Wood Table Tops\"}]},{\"@type\":\"WebSite\",\"@id\":\"https:\/\/elc.ba\/#website\",\"url\":\"https:\/\/elc.ba\/\",\"name\":\"El Company d.o.o\",\"description\":\"\",\"publisher\":{\"@id\":\"https:\/\/elc.ba\/#organization\"},\"potentialAction\":[{\"@type\":\"SearchAction\",\"target\":{\"@type\":\"EntryPoint\",\"urlTemplate\":\"https:\/\/elc.ba\/?s={search_term_string}\"},\"query-input\":\"required name=search_term_string\"}],\"inLanguage\":\"bs-BA\"},{\"@type\":\"Organization\",\"@id\":\"https:\/\/elc.ba\/#organization\",\"name\":\"EL Company\",\"url\":\"https:\/\/elc.ba\/\",\"logo\":{\"@type\":\"ImageObject\",\"inLanguage\":\"bs-BA\",\"@id\":\"https:\/\/elc.ba\/#\/schema\/logo\/image\/\",\"url\":\"https:\/\/elc.ba\/wp-content\/uploads\/2021\/05\/cropped-512x512-1.png\",\"contentUrl\":\"https:\/\/elc.ba\/wp-content\/uploads\/2021\/05\/cropped-512x512-1.png\",\"width\":512,\"height\":512,\"caption\":\"EL Company\"},\"image\":{\"@id\":\"https:\/\/elc.ba\/#\/schema\/logo\/image\/\"}}]}<\/script>\n<!-- \/ Yoast SEO plugin. -->","yoast_head_json":{"title":"Production of Solid Wood Table Tops - El Company d.o.o","robots":{"index":"index","follow":"follow","max-snippet":"max-snippet:-1","max-image-preview":"max-image-preview:large","max-video-preview":"max-video-preview:-1"},"canonical":"https:\/\/elc.ba\/bs\/ploce\/","og_locale":"bs_BA","og_type":"article","og_title":"Production of Solid Wood Table Tops - El Company d.o.o","og_url":"https:\/\/elc.ba\/bs\/ploce\/","og_site_name":"El Company d.o.o","article_modified_time":"2025-10-09T08:35:03+00:00","twitter_card":"summary_large_image","twitter_misc":{"Est. reading time":"1 minuta"},"schema":{"@context":"https:\/\/schema.org","@graph":[{"@type":"WebPage","@id":"https:\/\/elc.ba\/ploce\/","url":"https:\/\/elc.ba\/ploce\/","name":"Production of Solid Wood Table Tops - El Company d.o.o","isPartOf":{"@id":"https:\/\/elc.ba\/#website"},"datePublished":"2025-10-09T04:08:23+00:00","dateModified":"2025-10-09T08:35:03+00:00","breadcrumb":{"@id":"https:\/\/elc.ba\/ploce\/#breadcrumb"},"inLanguage":"bs-BA","potentialAction":[{"@type":"ReadAction","target":["https:\/\/elc.ba\/ploce\/"]}]},{"@type":"BreadcrumbList","@id":"https:\/\/elc.ba\/ploce\/#breadcrumb","itemListElement":[{"@type":"ListItem","position":1,"name":"Home","item":"https:\/\/elc.ba\/"},{"@type":"ListItem","position":2,"name":"Production of Solid Wood Table Tops"}]},{"@type":"WebSite","@id":"https:\/\/elc.ba\/#website","url":"https:\/\/elc.ba\/","name":"El Company d.o.o","description":"","publisher":{"@id":"https:\/\/elc.ba\/#organization"},"potentialAction":[{"@type":"SearchAction","target":{"@type":"EntryPoint","urlTemplate":"https:\/\/elc.ba\/?s={search_term_string}"},"query-input":"required name=search_term_string"}],"inLanguage":"bs-BA"},{"@type":"Organization","@id":"https:\/\/elc.ba\/#organization","name":"EL Company","url":"https:\/\/elc.ba\/","logo":{"@type":"ImageObject","inLanguage":"bs-BA","@id":"https:\/\/elc.ba\/#\/schema\/logo\/image\/","url":"https:\/\/elc.ba\/wp-content\/uploads\/2021\/05\/cropped-512x512-1.png","contentUrl":"https:\/\/elc.ba\/wp-content\/uploads\/2021\/05\/cropped-512x512-1.png","width":512,"height":512,"caption":"EL Company"},"image":{"@id":"https:\/\/elc.ba\/#\/schema\/logo\/image\/"}}]}},"_links":{"self":[{"href":"https:\/\/elc.ba\/bs\/wp-json\/wp\/v2\/pages\/10645","targetHints":{"allow":["GET"]}}],"collection":[{"href":"https:\/\/elc.ba\/bs\/wp-json\/wp\/v2\/pages"}],"about":[{"href":"https:\/\/elc.ba\/bs\/wp-json\/wp\/v2\/types\/page"}],"author":[{"embeddable":true,"href":"https:\/\/elc.ba\/bs\/wp-json\/wp\/v2\/users\/1"}],"replies":[{"embeddable":true,"href":"https:\/\/elc.ba\/bs\/wp-json\/wp\/v2\/comments?post=10645"}],"version-history":[{"count":6,"href":"https:\/\/elc.ba\/bs\/wp-json\/wp\/v2\/pages\/10645\/revisions"}],"predecessor-version":[{"id":10697,"href":"https:\/\/elc.ba\/bs\/wp-json\/wp\/v2\/pages\/10645\/revisions\/10697"}],"wp:attachment":[{"href":"https:\/\/elc.ba\/bs\/wp-json\/wp\/v2\/media?parent=10645"}],"curies":[{"name":"wp","href":"https:\/\/api.w.org\/{rel}","templated":true}]}}