{"id":10600,"date":"2025-10-09T02:31:27","date_gmt":"2025-10-09T02:31:27","guid":{"rendered":"https:\/\/elc.ba\/?page_id=10600"},"modified":"2025-10-09T08:31:48","modified_gmt":"2025-10-09T08:31:48","slug":"products","status":"publish","type":"page","link":"https:\/\/elc.ba\/bs\/products\/","title":{"rendered":"Proizvodi"},"content":{"rendered":"<div class=\"vc_row wpb_row vc_row-fluid\"><div class=\"no_container\"><div class=\"wpb_column vc_column_container vc_col-sm-12\"><div class=\"wpb_wrapper\">\r\n        <header class=\"tz-header  tz-header-type-3\">\r\n                                    \r\n            <div class=\"tz-headerBottom\">\r\n\r\n                                <div class=\"container\">\r\n                    \r\n                                                                                <a class=\"pull-left tz_logo\" href=\"https:\/\/elc.ba\/bs\"\r\n                                   title=\"El Company d.o.o\"  >\r\n                                    <img decoding=\"async\" class=\"logo_lager\" width =\"250\" height =\"90\" src=\"https:\/\/elc.ba\/wp-content\/uploads\/2021\/05\/elc.png\" alt=\"El Company d.o.o\" \/>                                <\/a>\r\n                                                        \r\n                            \r\n                                                                                            <div class=\"tz-header-search pull-right\">\r\n                                    <span aria-hidden='true' class='icon_search tz_icon_search'><\/span>\r\n                                    <span aria-hidden='true' class='icon_close tz_icon_close'><\/span>\r\n                                    <div class=\"tz-header-search-form\">\r\n                                            <form method=\"get\" class=\"searchform\" action=\"https:\/\/elc.ba\/bs\/\" data-trp-original-action=\"https:\/\/elc.ba\/bs\/\">\n        <label class=\"icon-search\">&nbsp;<\/label>\n        <label class=\"assistive-text assistive-tzsearch\">Search<\/label>\n        <input type=\"text\" class=\"field Tzsearchform inputbox search-query\" name=\"s\" placeholder=\"Search...\" \/>\n        <input type=\"submit\" class=\"submit searchsubmit\" name=\"submit\" value=\"Search\" \/>\n        <span aria-hidden='true' class='icon_search'><\/span>\n    <input type=\"hidden\" name=\"trp-form-language\" value=\"bs\"\/><\/form>\n                                    <\/div>\r\n                                <\/div>\r\n                                                                                    <button type=\"button\" class=\"navbar-toggle collapsed\" data-toggle=\"collapse\"\r\n                                    data-target=\"#tz-navbar-collapse\">\r\n                                <i class=\"fa fa-bars\"><\/i>\r\n                            <\/button>\r\n                            <nav class=\"pull-right\">\r\n                                <ul id=\"tz-navbar-collapse\" class=\"nav navbar-nav collapse navbar-collapse pull-left tz-nav\"><li id=\"menu-item-4567\" class=\"menu-item menu-item-type-post_type menu-item-object-page menu-item-home menu-item-4567\"><a href=\"https:\/\/elc.ba\/bs\/\">Po\u010detna<\/a><\/li>\n<li id=\"menu-item-10678\" class=\"menu-item menu-item-type-post_type menu-item-object-page menu-item-10678\"><a href=\"https:\/\/elc.ba\/bs\/products\/\">Proizvodi<\/a><\/li>\n<li id=\"menu-item-4910\" class=\"menu-item menu-item-type-post_type menu-item-object-page menu-item-4910\"><a href=\"https:\/\/elc.ba\/bs\/services\/\">Usluge<\/a><\/li>\n<li id=\"menu-item-4772\" class=\"menu-item menu-item-type-post_type menu-item-object-page menu-item-4772\"><a href=\"https:\/\/elc.ba\/bs\/job-openings\/\">Poslovi<\/a><\/li>\n<li id=\"menu-item-4732\" class=\"menu-item menu-item-type-post_type menu-item-object-page menu-item-4732\"><a href=\"https:\/\/elc.ba\/bs\/blog\/\">Blog<\/a><\/li>\n<li id=\"menu-item-4743\" class=\"menu-item menu-item-type-post_type menu-item-object-page menu-item-4743\"><a href=\"https:\/\/elc.ba\/bs\/gallery\/\">Galerija<\/a><\/li>\n<li id=\"menu-item-4627\" class=\"menu-item menu-item-type-post_type menu-item-object-page menu-item-4627\"><a href=\"https:\/\/elc.ba\/bs\/about-us\/\">O nama<\/a><\/li>\n<li id=\"menu-item-4571\" class=\"menu-item menu-item-type-post_type menu-item-object-page menu-item-4571\"><a href=\"https:\/\/elc.ba\/bs\/contact\/\">Kontakt<\/a><\/li>\n<\/ul>                            <\/nav>\r\n                            \r\n                                                                <\/div><!--end class container-->\r\n            \r\n                                \r\n            <\/div>\r\n\r\n            \r\n        <\/header>\r\n        \r\n        \r\n    <\/div><\/div><\/div><\/div><div class=\"vc_row wpb_row vc_row-fluid vc_custom_1759982794194 vc_row-has-fill\"><div class=\"no_container\"><div class=\"wpb_column vc_column_container vc_col-sm-12\"><div class=\"wpb_wrapper\">\n\t<div class=\"wpb_text_column wpb_content_element  vc_custom_1620038137622\" >\n\t\t<div class=\"wpb_wrapper\">\n\t\t\t<h1 style=\"text-align: center; color: white;\">Na\u0161i Proizvodi<\/h1>\n\n\t\t<\/div>\n\t<\/div>\n<\/div><\/div><\/div><\/div><div class=\"vc_row wpb_row vc_row-fluid vc_custom_1559876761646\"><div class=\"no_container\"><div class=\"wpb_column vc_column_container vc_col-sm-12\"><div class=\"wpb_wrapper\">    \r\n    <div class=\"tzElement_Service-v2\">\r\n        <div class=\"tzService_Wrap service_left\">\r\n            <div class=\"tzService_image col-md-5\">\r\n                <img loading=\"lazy\" decoding=\"async\" src=\"https:\/\/elc.ba\/wp-content\/uploads\/2025\/10\/stol1-1.jpg\"\r\n                     width=\"800\"\r\n                     height=\"800\"\r\n                     alt=\"Solid Wood Tabletops\">\r\n            <\/div>\r\n            <div class=\"tzService_Info tz_content_top col-md-7\">\r\n                <div class=\"tzService_Info_Box\">\r\n                    <p class=\"tzService_v2_number\"><\/p>\r\n                    <h3 class=\"tzService_v2_title\"  >Plo\u010de za stolove<\/h3>\r\n                    <p class=\"tzService_v2_des\">EL Company d.o.o. proizvodi gotove plo\u010de za stolove od punog hrasta. Svaka plo\u010da izra\u0111uje se od \u0161irinski spojenih hrastovih elemenata, \u0161to osigurava stabilnost, \u010dvrsto\u0107u i prirodnu ljepotu drveta.<\/p>\r\n                                            <a href=\"https:\/\/elc.ba\/bs\/ploce\/\"\r\n                           class=\"tzService-v2-readmore\">Pogledaj<span class=\"lnr lnr-arrow-right\"><\/span><\/a>\r\n                                    <\/div>\r\n            <\/div>\r\n        <\/div>\r\n    <\/div>\r\n\r\n\r\n    \r\n    <\/div><\/div><\/div><\/div><div class=\"vc_row wpb_row vc_row-fluid vc_custom_1559875942148\"><div class=\"no_container\"><div class=\"wpb_column vc_column_container vc_col-sm-12\"><div class=\"wpb_wrapper\">    \r\n    <div class=\"tzElement_Service-v2\">\r\n        <div class=\"tzService_Wrap service_right\">\r\n            <div class=\"tzService_image col-md-5\">\r\n                <img loading=\"lazy\" decoding=\"async\" src=\"https:\/\/elc.ba\/wp-content\/uploads\/2025\/10\/test2-1-rotated.jpg\"\r\n                     width=\"800\"\r\n                     height=\"800\"\r\n                     alt=\"Plywood Reels\">\r\n            <\/div>\r\n            <div class=\"tzService_Info tz_content_top col-md-7\">\r\n                <div class=\"tzService_Info_Box\">\r\n                    <p class=\"tzService_v2_number\"><\/p>\r\n                    <h3 class=\"tzService_v2_title\"  >Koturovi<\/h3>\r\n                    <p class=\"tzService_v2_des\">EL Company d.o.o. specijalizirana je za proizvodnju koturova od \u0161perplo\u010de namijenjenih kablovima i srodnim proizvodima. Svaki kotur izra\u0111uje se po posebnim zahtjevima kupaca, uz mogu\u0107nost potpune prilagodbe dimenzija, nosivosti i kvaliteta.<\/p>\r\n                                            <a href=\"https:\/\/elc.ba\/bs\/koturovi\/\"\r\n                           class=\"tzService-v2-readmore\">Pogledaj<span class=\"lnr lnr-arrow-right\"><\/span><\/a>\r\n                                    <\/div>\r\n            <\/div>\r\n        <\/div>\r\n    <\/div>\r\n\r\n\r\n    \r\n    <\/div><\/div><\/div><\/div><div class=\"vc_row wpb_row vc_row-fluid vc_custom_1559876799674\"><div class=\"container\"><div class=\"row\"><div class=\"wpb_column vc_column_container vc_col-sm-12\"><div class=\"wpb_wrapper\">    <div class=\"tzElement-title tz_on_title  tz-title-type-3 tz-text-align-left\">\r\n                    <span class=\"tzSubTitle\" ><\/span>\r\n                            <span class=\"tzTitle\">\r\n                    Za\u0161to<em> izabrati nas<\/em>                <\/span>\r\n                \r\n                    \r\n        \r\n        \r\n    <\/div>\r\n        <div class=\"tz_animatable\"  >\r\n        <div class=\"tzElement_Feature tzFeature_type6 tzFeature_left         position-top\"\r\n            >\r\n            <div class=\"tzFeature_Icon\">\r\n                <div class=\"tzFeature_iconBox\">\r\n                                            <span aria-hidden='true' class='icon-tools'><\/span>\r\n                                                                <\/div>\r\n            <\/div>\r\n            <h5 class=\"tzFeature_title\">\r\n                Odgovornost            <\/h5>\r\n                        <p class=\"tzFeature_description\">\r\n                \u201eEL Company\u201c posjeduje FSC certifikat \u0161to je jedna od garancija socijalno i ekonomski odgovornog iskori\u0161tavanja \u0161uma<\/p>\n<p>Kontinuirani rast i napredak, uz blisku saradnju sa kupcima i dobavlja\u010dima samo su neki od razloga za\u0161to partneri biraju ba\u0161 \u201eEL Company\u201c            <\/p>\r\n                    <\/div>\r\n    <\/div>\r\n    <style>\r\n\r\n    <\/style>\r\n    <script>\r\n\r\n\r\n    <\/script>\r\n    <\/div><\/div><\/div><\/div><\/div>","protected":false},"excerpt":{"rendered":"&nbsp; Search Home Products Services Jobs Blog Gallery About Us Contact OUR PRODUCTS Solid Wood Tabletops EL Company d.o.o. manufactures <a class=\"tzreadmore simple-ajax-popup-align-top\" href=\"https:\/\/elc.ba\/bs\/products\/\">Read More<\/a>","protected":false},"author":1,"featured_media":0,"parent":0,"menu_order":0,"comment_status":"closed","ping_status":"closed","template":"template-homepage.php","meta":{"_mi_skip_tracking":false,"_monsterinsights_sitenote_active":false,"_monsterinsights_sitenote_note":"","_monsterinsights_sitenote_category":0,"footnotes":""},"class_list":["post-10600","page","type-page","status-publish","hentry"],"yoast_head":"<!-- This site is optimized with the Yoast SEO plugin v20.13 - https:\/\/yoast.com\/wordpress\/plugins\/seo\/ -->\n<title>Products - El Company d.o.o<\/title>\n<meta name=\"robots\" content=\"index, follow, max-snippet:-1, max-image-preview:large, max-video-preview:-1\" \/>\n<link rel=\"canonical\" href=\"https:\/\/elc.ba\/bs\/products\/\" \/>\n<meta property=\"og:locale\" content=\"bs_BA\" \/>\n<meta property=\"og:type\" content=\"article\" \/>\n<meta property=\"og:title\" content=\"Products - El Company d.o.o\" \/>\n<meta property=\"og:url\" content=\"https:\/\/elc.ba\/bs\/products\/\" \/>\n<meta property=\"og:site_name\" content=\"El Company d.o.o\" \/>\n<meta property=\"article:modified_time\" content=\"2025-10-09T08:31:48+00:00\" \/>\n<meta name=\"twitter:card\" content=\"summary_large_image\" \/>\n<meta name=\"twitter:label1\" content=\"Est. reading time\" \/>\n\t<meta name=\"twitter:data1\" content=\"1 minuta\" \/>\n<script type=\"application\/ld+json\" class=\"yoast-schema-graph\">{\"@context\":\"https:\/\/schema.org\",\"@graph\":[{\"@type\":\"WebPage\",\"@id\":\"https:\/\/elc.ba\/products\/\",\"url\":\"https:\/\/elc.ba\/products\/\",\"name\":\"Products - El Company d.o.o\",\"isPartOf\":{\"@id\":\"https:\/\/elc.ba\/#website\"},\"datePublished\":\"2025-10-09T02:31:27+00:00\",\"dateModified\":\"2025-10-09T08:31:48+00:00\",\"breadcrumb\":{\"@id\":\"https:\/\/elc.ba\/products\/#breadcrumb\"},\"inLanguage\":\"bs-BA\",\"potentialAction\":[{\"@type\":\"ReadAction\",\"target\":[\"https:\/\/elc.ba\/products\/\"]}]},{\"@type\":\"BreadcrumbList\",\"@id\":\"https:\/\/elc.ba\/products\/#breadcrumb\",\"itemListElement\":[{\"@type\":\"ListItem\",\"position\":1,\"name\":\"Home\",\"item\":\"https:\/\/elc.ba\/\"},{\"@type\":\"ListItem\",\"position\":2,\"name\":\"Products\"}]},{\"@type\":\"WebSite\",\"@id\":\"https:\/\/elc.ba\/#website\",\"url\":\"https:\/\/elc.ba\/\",\"name\":\"El Company d.o.o\",\"description\":\"\",\"publisher\":{\"@id\":\"https:\/\/elc.ba\/#organization\"},\"potentialAction\":[{\"@type\":\"SearchAction\",\"target\":{\"@type\":\"EntryPoint\",\"urlTemplate\":\"https:\/\/elc.ba\/?s={search_term_string}\"},\"query-input\":\"required name=search_term_string\"}],\"inLanguage\":\"bs-BA\"},{\"@type\":\"Organization\",\"@id\":\"https:\/\/elc.ba\/#organization\",\"name\":\"EL Company\",\"url\":\"https:\/\/elc.ba\/\",\"logo\":{\"@type\":\"ImageObject\",\"inLanguage\":\"bs-BA\",\"@id\":\"https:\/\/elc.ba\/#\/schema\/logo\/image\/\",\"url\":\"https:\/\/elc.ba\/wp-content\/uploads\/2021\/05\/cropped-512x512-1.png\",\"contentUrl\":\"https:\/\/elc.ba\/wp-content\/uploads\/2021\/05\/cropped-512x512-1.png\",\"width\":512,\"height\":512,\"caption\":\"EL Company\"},\"image\":{\"@id\":\"https:\/\/elc.ba\/#\/schema\/logo\/image\/\"}}]}<\/script>\n<!-- \/ Yoast SEO plugin. -->","yoast_head_json":{"title":"Products - El Company d.o.o","robots":{"index":"index","follow":"follow","max-snippet":"max-snippet:-1","max-image-preview":"max-image-preview:large","max-video-preview":"max-video-preview:-1"},"canonical":"https:\/\/elc.ba\/bs\/products\/","og_locale":"bs_BA","og_type":"article","og_title":"Products - El Company d.o.o","og_url":"https:\/\/elc.ba\/bs\/products\/","og_site_name":"El Company d.o.o","article_modified_time":"2025-10-09T08:31:48+00:00","twitter_card":"summary_large_image","twitter_misc":{"Est. reading time":"1 minuta"},"schema":{"@context":"https:\/\/schema.org","@graph":[{"@type":"WebPage","@id":"https:\/\/elc.ba\/products\/","url":"https:\/\/elc.ba\/products\/","name":"Products - El Company d.o.o","isPartOf":{"@id":"https:\/\/elc.ba\/#website"},"datePublished":"2025-10-09T02:31:27+00:00","dateModified":"2025-10-09T08:31:48+00:00","breadcrumb":{"@id":"https:\/\/elc.ba\/products\/#breadcrumb"},"inLanguage":"bs-BA","potentialAction":[{"@type":"ReadAction","target":["https:\/\/elc.ba\/products\/"]}]},{"@type":"BreadcrumbList","@id":"https:\/\/elc.ba\/products\/#breadcrumb","itemListElement":[{"@type":"ListItem","position":1,"name":"Home","item":"https:\/\/elc.ba\/"},{"@type":"ListItem","position":2,"name":"Products"}]},{"@type":"WebSite","@id":"https:\/\/elc.ba\/#website","url":"https:\/\/elc.ba\/","name":"El Company d.o.o","description":"","publisher":{"@id":"https:\/\/elc.ba\/#organization"},"potentialAction":[{"@type":"SearchAction","target":{"@type":"EntryPoint","urlTemplate":"https:\/\/elc.ba\/?s={search_term_string}"},"query-input":"required name=search_term_string"}],"inLanguage":"bs-BA"},{"@type":"Organization","@id":"https:\/\/elc.ba\/#organization","name":"EL Company","url":"https:\/\/elc.ba\/","logo":{"@type":"ImageObject","inLanguage":"bs-BA","@id":"https:\/\/elc.ba\/#\/schema\/logo\/image\/","url":"https:\/\/elc.ba\/wp-content\/uploads\/2021\/05\/cropped-512x512-1.png","contentUrl":"https:\/\/elc.ba\/wp-content\/uploads\/2021\/05\/cropped-512x512-1.png","width":512,"height":512,"caption":"EL Company"},"image":{"@id":"https:\/\/elc.ba\/#\/schema\/logo\/image\/"}}]}},"_links":{"self":[{"href":"https:\/\/elc.ba\/bs\/wp-json\/wp\/v2\/pages\/10600","targetHints":{"allow":["GET"]}}],"collection":[{"href":"https:\/\/elc.ba\/bs\/wp-json\/wp\/v2\/pages"}],"about":[{"href":"https:\/\/elc.ba\/bs\/wp-json\/wp\/v2\/types\/page"}],"author":[{"embeddable":true,"href":"https:\/\/elc.ba\/bs\/wp-json\/wp\/v2\/users\/1"}],"replies":[{"embeddable":true,"href":"https:\/\/elc.ba\/bs\/wp-json\/wp\/v2\/comments?post=10600"}],"version-history":[{"count":21,"href":"https:\/\/elc.ba\/bs\/wp-json\/wp\/v2\/pages\/10600\/revisions"}],"predecessor-version":[{"id":10695,"href":"https:\/\/elc.ba\/bs\/wp-json\/wp\/v2\/pages\/10600\/revisions\/10695"}],"wp:attachment":[{"href":"https:\/\/elc.ba\/bs\/wp-json\/wp\/v2\/media?parent=10600"}],"curies":[{"name":"wp","href":"https:\/\/api.w.org\/{rel}","templated":true}]}}